{"id":8143,"date":"2024-03-28T14:22:35","date_gmt":"2024-03-28T14:22:35","guid":{"rendered":"https:\/\/www.horasan.dental\/ekip-ile-tanisin\/"},"modified":"2025-01-31T13:21:33","modified_gmt":"2025-01-31T13:21:33","slug":"ekip-ile-tanisin","status":"publish","type":"page","link":"https:\/\/www.horasan.dental\/tr\/ekip-ile-tanisin\/","title":{"rendered":"Ekip ile Tan\u0131\u015f\u0131n"},"content":{"rendered":"\n<div class=\"wp-block-uagb-container uagb-block-b3fd5149 alignfull uagb-is-root-container\"><div class=\"uagb-container-inner-blocks-wrap\">\n<section class=\"wp-block-uagb-columns uagb-columns__wrap uagb-columns__background-none uagb-columns__stack-mobile uagb-columns__valign-bottom uagb-columns__gap-10 align uagb-block-35810341 uagb-columns__columns-2 uagb-columns__max_width-theme\"><div class=\"uagb-columns__overlay\"><\/div><div class=\"uagb-columns__inner-wrap uagb-columns__columns-2\">\n<div class=\"wp-block-uagb-column uagb-column__wrap uagb-column__background-color uagb-block-2fecb3c7\"><div class=\"uagb-column__overlay\"><\/div>\n<p><\/p>\n\n\n\n<p class=\"has-text-align-center has-ast-global-color-5-color has-text-color has-link-color wp-elements-f91e937acd1896c8e5638c1a757e1dce\" style=\"padding-top:0px;padding-bottom:0px\">Di\u015f Hekimler Ekibimiz &#8211; \u0130stanbul, T\u00fcrkiye<\/p>\n\n\n\n<h2 class=\"wp-block-heading has-text-align-center has-ast-global-color-5-color has-text-color has-link-color wp-elements-76ab1d9e0d3d8a5ba8c7c3b570638684\" style=\"line-height:1.1\">Ekip ile Tan\u0131\u015f\u0131n<\/h2>\n\n\n\n<div class=\"wp-block-uagb-buttons uagb-buttons__outer-wrap uagb-btn__default-btn uagb-btn-tablet__default-btn uagb-btn-mobile__default-btn uagb-block-3fbd67c6\"><div class=\"uagb-buttons__wrap uagb-buttons-layout-wrap \">\n<div class=\"wp-block-uagb-buttons-child uagb-buttons__outer-wrap uagb-block-226697a7 wp-block-button\"><div class=\"uagb-button__wrapper\"><a class=\"uagb-buttons-repeater wp-block-button__link\" aria-label=\"\" href=\"https:\/\/www.horasan.dental\/tr\/iletisim\/\" rel=\"follow noopener\" target=\"_self\"><div class=\"uagb-button__link\">Bizimle \u0130leti\u015fime Ge\u00e7in.<\/div><\/a><\/div><\/div>\n<\/div><\/div>\n<\/div>\n\n\n\n<div class=\"wp-block-uagb-column uagb-column__wrap uagb-column__background-undefined uagb-block-54871d09\"><div class=\"uagb-column__overlay\"><\/div><\/div>\n<\/div><\/section>\n<\/div><\/div>\n\n<p class=\"uag-hide-mob\"><\/p>\n\n<div class=\"wp-block-uagb-container uagb-block-e2c4d669 alignfull uagb-is-root-container\"><div class=\"uagb-container-inner-blocks-wrap\">\n<h2 class=\"wp-block-heading has-text-align-center\">Ekibimizle Tan\u0131\u015f\u0131n<\/h2>\n\n\n\n<p>Di\u015f hekimlerimiz sadece di\u015f hekimli\u011fi tutkusunu de\u011fil, ayn\u0131 zamanda nesiller boyunca aktar\u0131lan zengin bilgi ve deneyimi de miras alm\u0131\u015flard\u0131r. Di\u015f bak\u0131m\u0131 konusundaki bu derin anlay\u0131\u015f\u0131m\u0131z, mevcut en etkili ve g\u00fcncel tedavileri sunabilmemizi sa\u011flamaktad\u0131r. <\/p>\n\n\n\n<p>Kendini i\u015fine adam\u0131\u015f, \u00f6zenli di\u015f hekimleri. Ki\u015fiselle\u015ftirilmi\u015f di\u015f hekimli\u011fi ilgisi, g\u00fcvenilir bak\u0131m, s\u0131cak bir atmosfer. Nesillerdir s\u00fcre gelen, y\u00fczy\u0131l\u0131 a\u015fk\u0131n deneyim.   <\/p>\n<\/div><\/div>\n\n<div class=\"wp-block-uagb-container uagb-block-irllthxf alignfull uagb-is-root-container\"><div class=\"uagb-container-inner-blocks-wrap\">\n<div class=\"wp-block-uagb-container uagb-block-emvveenp\">\n<div class=\"wp-block-uagb-container uagb-block-uvx5k1xm\">\n<div class=\"wp-block-uagb-image aligncenter uagb-block-net5k3xr wp-block-uagb-image--layout-default wp-block-uagb-image--effect-static wp-block-uagb-image--align-center alignleft\"><figure class=\"wp-block-uagb-image__figure\"><img decoding=\"async\" srcset=\"https:\/\/www.horasan.dental\/wp-content\/uploads\/2024\/03\/TeamDrAdnan.jpg ,https:\/\/www.horasan.dental\/wp-content\/uploads\/2024\/03\/TeamDrAdnan.jpg 780w, https:\/\/www.horasan.dental\/wp-content\/uploads\/2024\/03\/TeamDrAdnan.jpg 360w\" sizes=\"(max-width: 480px) 150px\" src=\"https:\/\/www.horasan.dental\/wp-content\/uploads\/2024\/03\/TeamDrAdnan.jpg\" alt=\"Dr. Adnan Horasan\" class=\"uag-image-6371\" width=\"575\" height=\"384\" title=\"TeamDrAdnan\" loading=\"lazy\" role=\"img\"><\/figure><\/div>\n\n\n\n<div class=\"wp-block-uagb-container uagb-block-ylwvdl4b\">\n<div class=\"wp-block-uagb-info-box uagb-block-wo0ackyx uagb-infobox__content-wrap  uagb-infobox-icon-above-title uagb-infobox-image-valign-top\"><div class=\"uagb-ifb-content\"><div class=\"uagb-ifb-title-wrap\"><h5 class=\"uagb-ifb-title\">Dr. Adnan Horasan<\/h5><\/div><p class=\"uagb-ifb-desc\">Di\u015f Hekimi<\/p><\/div><\/div>\n\n\n\n<p>Dt. Adnan Horasan, 45 y\u0131l\u0131 a\u015fk\u0131n se\u00e7kin bir kariyere sahip deneyimli bir di\u015f hekimidir.  <\/p>\n\n\n\n<p>1951&#8217;de \u0130stanbul&#8217;da do\u011fdu, e\u011fitim hayat\u0131na \u00dc\u00e7\u00fcnc\u00fc Selim \u0130lkokulu&#8217;nda ba\u015flad\u0131, ard\u0131ndan Eseni\u015f Lisesi&#8217;ne devam etti.<\/p>\n\n\n\n<p>Di\u015f hekimli\u011fine olan tutkusuyla Marmara \u00dcniversitesi Di\u015f Hekimli\u011fi Fak\u00fcltesi&#8217;nde e\u011fitimine devam etti ve 1975 y\u0131l\u0131nda mezun oldu. <\/p>\n\n\n\n<p><br\/>Askerlik hizmetinin ard\u0131ndan Dt. Horasan, kendisi gibi di\u015f hekimi olan babas\u0131 Mustafa Vildan Horasan ile birle\u015ferek 1977 y\u0131l\u0131nda mesle\u011fini icra etmeye ba\u015flad\u0131.  <\/p>\n\n\n\n<p>Di\u015f hekimli\u011fi alan\u0131ndaki bu ola\u011fan\u00fcst\u00fc aile miras\u0131, onun bu alana olan ba\u011fl\u0131l\u0131\u011f\u0131n\u0131 peki\u015ftirmektedir. Zengin bir deneyim ve uzmanl\u0131\u011fa sahip olan Dr. Horasan, Horasan Di\u015f Klini\u011fi&#8217;nde yetenekli profesyonellerden olu\u015fan bir ekiple i\u015fbirli\u011fi yaparak ola\u011fan\u00fcst\u00fc bak\u0131m sa\u011flamaya devam ediyor. <\/p>\n<\/div>\n<\/div>\n\n\n\n<div class=\"wp-block-uagb-container uagb-block-h3re8jkn\">\n<div class=\"wp-block-uagb-image aligncenter uagb-block-3erhimxa wp-block-uagb-image--layout-default wp-block-uagb-image--effect-static wp-block-uagb-image--align-center alignleft\"><figure class=\"wp-block-uagb-image__figure\"><img decoding=\"async\" srcset=\"https:\/\/www.horasan.dental\/wp-content\/uploads\/2024\/03\/DrBerilTeam.jpg ,https:\/\/www.horasan.dental\/wp-content\/uploads\/2024\/03\/DrBerilTeam.jpg 780w, https:\/\/www.horasan.dental\/wp-content\/uploads\/2024\/03\/DrBerilTeam.jpg 360w\" sizes=\"(max-width: 480px) 150px\" src=\"https:\/\/www.horasan.dental\/wp-content\/uploads\/2024\/03\/DrBerilTeam.jpg\" alt=\"\" class=\"uag-image-6377\" width=\"575\" height=\"384\" title=\"DrBerilTeam\" loading=\"lazy\" role=\"img\"><\/figure><\/div>\n\n\n\n<div class=\"wp-block-uagb-container uagb-block-ylfukzsx\">\n<div class=\"wp-block-uagb-info-box uagb-block-dnl2ywtr uagb-infobox__content-wrap  uagb-infobox-icon-above-title uagb-infobox-image-valign-top\"><div class=\"uagb-ifb-content\"><div class=\"uagb-ifb-title-wrap\"><h5 class=\"uagb-ifb-title\">Dr. Beril Horasan<\/h5><\/div><p class=\"uagb-ifb-desc\">Di\u015f Hekimi<\/p><\/div><\/div>\n\n\n\n<div class=\"wp-block-uagb-info-box uagb-block-gemcvakb uagb-infobox__content-wrap  uagb-infobox-icon-above-title uagb-infobox-image-valign-top\"><div class=\"uagb-ifb-content\"><div class=\"uagb-ifb-title-wrap\"><\/div><p class=\"uagb-ifb-desc\">Dt. Beril Horasan, di\u015f hekimli\u011fi alan\u0131nda d\u00f6rt ku\u015fa\u011fa yay\u0131lan se\u00e7kin bir aile miras\u0131na sahip bir di\u015f hekimidir.  <br\/><br\/>1979 y\u0131l\u0131nda \u0130stanbul&#8217;da do\u011fdu, e\u011fitim hayat\u0131na Bahariye \u0130lkokulu&#8217;nda ba\u015flad\u0131 ve \u00dcsk\u00fcdar Anadolu Lisesi&#8217;nde devam etti. <br\/><br\/>1997 y\u0131l\u0131nda, Dt. Horasan, di\u015f hekimli\u011fi e\u011fitimine Yeditepe \u00dcniversitesi Di\u015f Hekimli\u011fi Fak\u00fcltesi&#8217;nde ba\u015flad\u0131 ve 2003 y\u0131l\u0131nda mezun oldu. Mezuniyetinin hemen ard\u0131ndan Horasan A\u011f\u0131z Ve Di\u015f Sa\u011fl\u0131\u011f\u0131 Poliklini\u011fi&#8217;ne kat\u0131larak genel di\u015f hekimli\u011fi alan\u0131nda de\u011ferli bir deneyim kazand\u0131.   <br\/>Beril Horasan&#8217;\u0131n mesleki geli\u015fime olan ba\u011fl\u0131l\u0131\u011f\u0131, 2019 y\u0131l\u0131nda Ortodonti alan\u0131nda sertifika almas\u0131na ve tedavi se\u00e7eneklerini geni\u015fletmesine yol a\u00e7t\u0131.  <br\/>Ayr\u0131ca Botox ve Dermal Filler uygulamalar\u0131nda uzmanl\u0131\u011fa sahiptir. <br\/><br\/>Nazik tavr\u0131 ve ola\u011fan\u00fcst\u00fc ileti\u015fim becerileri ona gen\u00e7 hastalar aras\u0131nda favori olarak \u00fcn kazand\u0131rm\u0131\u015ft\u0131r.<\/p><\/div><\/div>\n<\/div>\n<\/div>\n<\/div>\n<\/div><\/div>\n\n<div class=\"wp-block-uagb-container uagb-block-5f99aef5 alignfull uagb-is-root-container\"><div class=\"uagb-container-inner-blocks-wrap\">\n<div class=\"wp-block-uagb-container uagb-block-ab828969\">\n<section class=\"wp-block-uagb-columns uagb-columns__wrap uagb-columns__background-none uagb-columns__stack-mobile uagb-columns__valign- uagb-columns__gap-10 align uagb-block-8914ace8 uagb-columns__columns-3 uagb-columns__max_width-theme\"><div class=\"uagb-columns__overlay\"><\/div><div class=\"uagb-columns__inner-wrap uagb-columns__columns-3\">\n<div class=\"wp-block-uagb-column uagb-column__wrap uagb-column__background-undefined uagb-block-49a30691\"><div class=\"uagb-column__overlay\"><\/div><\/div>\n\n\n\n<div class=\"wp-block-uagb-column uagb-column__wrap uagb-column__background-undefined uagb-block-46f6462c\"><div class=\"uagb-column__overlay\"><\/div>\n<div class=\"wp-block-uagb-separator uagb-block-07f1b33e is-style-wide\"><div class=\"wp-block-uagb-separator__inner\" style=\"--my-background-image:\"><\/div><\/div>\n\n\n\n<p><\/p>\n\n\n\n<h3 class=\"wp-block-heading has-text-align-center has-ast-global-color-5-color has-text-color has-link-color wp-elements-be348fccbd917971fd2035f9483cf335\">Nesiller Boyu Aktar\u0131lan G\u00fcvenilir Bak\u0131m.<\/h3>\n\n\n\n<div class=\"wp-block-uagb-separator uagb-block-bf7897bd is-style-wide\"><div class=\"wp-block-uagb-separator__inner\" style=\"--my-background-image:\"><\/div><\/div>\n\n\n\n<p><\/p>\n\n\n\n<p class=\"has-text-align-center has-ast-global-color-5-color has-text-color has-link-color wp-elements-9630de60a7df8f486ff145d31bd4054c\">Horasan A\u011f\u0131z Ve Di\u015f Sa\u011fl\u0131\u011f\u0131 Poliklini\u011fi, \u0130stanbul, T\u00fcrkiye<\/p>\n\n\n\n<div class=\"wp-block-uagb-buttons uagb-buttons__outer-wrap uagb-btn__default-btn uagb-btn-tablet__default-btn uagb-btn-mobile__default-btn uagb-block-deefb0e0\"><div class=\"uagb-buttons__wrap uagb-buttons-layout-wrap \">\n<div class=\"wp-block-uagb-buttons-child uagb-buttons__outer-wrap uagb-block-3916e57a wp-block-button\"><div class=\"uagb-button__wrapper\"><a class=\"uagb-buttons-repeater wp-block-button__link\" aria-label=\"\" href=\"https:\/\/www.horasan.dental\/tr\/iletisim\/\" rel=\"follow noopener\" target=\"_self\"><div class=\"uagb-button__link\">Bizimle Tan\u0131\u015f\u0131n<\/div><\/a><\/div><\/div>\n<\/div><\/div>\n<\/div>\n\n\n\n<div class=\"wp-block-uagb-column uagb-column__wrap uagb-column__background-undefined uagb-block-b541c395\"><div class=\"uagb-column__overlay\"><\/div><\/div>\n<\/div><\/section>\n<\/div>\n<\/div><\/div>\n","protected":false},"excerpt":{"rendered":"<p>Di\u015f Hekimler Ekibimiz &#8211; \u0130stanbul, T\u00fcrkiye Ekip ile Tan\u0131\u015f\u0131n Ekibimizle Tan\u0131\u015f\u0131n Di\u015f hekimlerimiz sadece di\u015f hekimli\u011fi tutkusunu de\u011fil, ayn\u0131 zamanda nesiller boyunca aktar\u0131lan zengin bilgi ve deneyimi de miras alm\u0131\u015flard\u0131r. Di\u015f bak\u0131m\u0131 konusundaki bu derin anlay\u0131\u015f\u0131m\u0131z, mevcut en etkili ve g\u00fcncel tedavileri sunabilmemizi sa\u011flamaktad\u0131r. Kendini i\u015fine adam\u0131\u015f, \u00f6zenli di\u015f hekimleri. Ki\u015fiselle\u015ftirilmi\u015f di\u015f hekimli\u011fi ilgisi, g\u00fcvenilir [&hellip;]<\/p>\n","protected":false},"author":2,"featured_media":7166,"parent":0,"menu_order":0,"comment_status":"closed","ping_status":"closed","template":"","meta":{"_uag_custom_page_level_css":"","site-sidebar-layout":"default","site-content-layout":"","ast-site-content-layout":"default","site-content-style":"default","site-sidebar-style":"default","ast-global-header-display":"","ast-banner-title-visibility":"","ast-main-header-display":"","ast-hfb-above-header-display":"","ast-hfb-below-header-display":"","ast-hfb-mobile-header-display":"","site-post-title":"disabled","ast-breadcrumbs-content":"","ast-featured-img":"disabled","footer-sml-layout":"","ast-disable-related-posts":"","theme-transparent-header-meta":"","adv-header-id-meta":"","stick-header-meta":"","header-above-stick-meta":"","header-main-stick-meta":"","header-below-stick-meta":"","astra-migrate-meta-layouts":"default","ast-page-background-enabled":"default","ast-page-background-meta":{"desktop":{"background-color":"","background-image":"","background-repeat":"repeat","background-position":"center center","background-size":"auto","background-attachment":"scroll","background-type":"","background-media":"","overlay-type":"","overlay-color":"","overlay-opacity":"","overlay-gradient":""},"tablet":{"background-color":"","background-image":"","background-repeat":"repeat","background-position":"center center","background-size":"auto","background-attachment":"scroll","background-type":"","background-media":"","overlay-type":"","overlay-color":"","overlay-opacity":"","overlay-gradient":""},"mobile":{"background-color":"","background-image":"","background-repeat":"repeat","background-position":"center center","background-size":"auto","background-attachment":"scroll","background-type":"","background-media":"","overlay-type":"","overlay-color":"","overlay-opacity":"","overlay-gradient":""}},"ast-content-background-meta":{"desktop":{"background-color":"var(--ast-global-color-5)","background-image":"","background-repeat":"repeat","background-position":"center center","background-size":"auto","background-attachment":"scroll","background-type":"","background-media":"","overlay-type":"","overlay-color":"","overlay-opacity":"","overlay-gradient":""},"tablet":{"background-color":"var(--ast-global-color-5)","background-image":"","background-repeat":"repeat","background-position":"center center","background-size":"auto","background-attachment":"scroll","background-type":"","background-media":"","overlay-type":"","overlay-color":"","overlay-opacity":"","overlay-gradient":""},"mobile":{"background-color":"var(--ast-global-color-5)","background-image":"","background-repeat":"repeat","background-position":"center center","background-size":"auto","background-attachment":"scroll","background-type":"","background-media":"","overlay-type":"","overlay-color":"","overlay-opacity":"","overlay-gradient":""}},"footnotes":""},"yoast_head":"<!-- This site is optimized with the Yoast SEO plugin v24.5 - https:\/\/yoast.com\/wordpress\/plugins\/seo\/ -->\n<title>Ekip ile Tan\u0131\u015f\u0131n, Horasan A\u011f\u0131z Ve Di\u015f Sa\u011fl\u0131\u011f\u0131 Poliklini\u011fi<\/title>\n<meta name=\"description\" content=\"Kendini i\u015fine adam\u0131\u015f, \u00f6zenli di\u015f hekimi ekibi. Ki\u015fiye \u00f6zel di\u015f hekimli\u011fi ilgisi, s\u0131cak bir atmosfer. Nesillerdir s\u00fcre gelen, y\u00fczy\u0131l\u0131 a\u015fk\u0131n deneyim...\" \/>\n<meta name=\"robots\" content=\"index, follow, max-snippet:-1, max-image-preview:large, max-video-preview:-1\" \/>\n<link rel=\"canonical\" href=\"https:\/\/www.horasan.dental\/tr\/ekip-ile-tanisin\/\" \/>\n<meta property=\"og:locale\" content=\"tr_TR\" \/>\n<meta property=\"og:type\" content=\"article\" \/>\n<meta property=\"og:title\" content=\"Ekip ile Tan\u0131\u015f\u0131n, Horasan A\u011f\u0131z Ve Di\u015f Sa\u011fl\u0131\u011f\u0131 Poliklini\u011fi\" \/>\n<meta property=\"og:description\" content=\"Kendini i\u015fine adam\u0131\u015f, \u00f6zenli di\u015f hekimi ekibi. Ki\u015fiye \u00f6zel di\u015f hekimli\u011fi ilgisi, s\u0131cak bir atmosfer. Nesillerdir s\u00fcre gelen, y\u00fczy\u0131l\u0131 a\u015fk\u0131n deneyim...\" \/>\n<meta property=\"og:url\" content=\"https:\/\/www.horasan.dental\/tr\/ekip-ile-tanisin\/\" \/>\n<meta property=\"og:site_name\" content=\"Horasan Dental\" \/>\n<meta property=\"article:modified_time\" content=\"2025-01-31T13:21:33+00:00\" \/>\n<meta property=\"og:image\" content=\"https:\/\/www.horasan.dental\/wp-content\/uploads\/2024\/04\/Team-header-small.jpg\" \/>\n\t<meta property=\"og:image:width\" content=\"752\" \/>\n\t<meta property=\"og:image:height\" content=\"550\" \/>\n\t<meta property=\"og:image:type\" content=\"image\/jpeg\" \/>\n<meta name=\"twitter:card\" content=\"summary_large_image\" \/>\n<meta name=\"twitter:label1\" content=\"Tahmini okuma s\u00fcresi\" \/>\n\t<meta name=\"twitter:data1\" content=\"2 dakika\" \/>\n<script type=\"application\/ld+json\" class=\"yoast-schema-graph\">{\"@context\":\"https:\/\/schema.org\",\"@graph\":[{\"@type\":\"WebPage\",\"@id\":\"https:\/\/www.horasan.dental\/tr\/ekip-ile-tanisin\/\",\"url\":\"https:\/\/www.horasan.dental\/tr\/ekip-ile-tanisin\/\",\"name\":\"Ekip ile Tan\u0131\u015f\u0131n, Horasan A\u011f\u0131z Ve Di\u015f Sa\u011fl\u0131\u011f\u0131 Poliklini\u011fi\",\"isPartOf\":{\"@id\":\"https:\/\/www.horasan.dental\/tr\/#website\"},\"primaryImageOfPage\":{\"@id\":\"https:\/\/www.horasan.dental\/tr\/ekip-ile-tanisin\/#primaryimage\"},\"image\":{\"@id\":\"https:\/\/www.horasan.dental\/tr\/ekip-ile-tanisin\/#primaryimage\"},\"thumbnailUrl\":\"https:\/\/www.horasan.dental\/wp-content\/uploads\/2024\/04\/Team-header-small.jpg\",\"datePublished\":\"2024-03-28T14:22:35+00:00\",\"dateModified\":\"2025-01-31T13:21:33+00:00\",\"description\":\"Kendini i\u015fine adam\u0131\u015f, \u00f6zenli di\u015f hekimi ekibi. Ki\u015fiye \u00f6zel di\u015f hekimli\u011fi ilgisi, s\u0131cak bir atmosfer. Nesillerdir s\u00fcre gelen, y\u00fczy\u0131l\u0131 a\u015fk\u0131n deneyim...\",\"breadcrumb\":{\"@id\":\"https:\/\/www.horasan.dental\/tr\/ekip-ile-tanisin\/#breadcrumb\"},\"inLanguage\":\"tr\",\"potentialAction\":[{\"@type\":\"ReadAction\",\"target\":[\"https:\/\/www.horasan.dental\/tr\/ekip-ile-tanisin\/\"]}]},{\"@type\":\"ImageObject\",\"inLanguage\":\"tr\",\"@id\":\"https:\/\/www.horasan.dental\/tr\/ekip-ile-tanisin\/#primaryimage\",\"url\":\"https:\/\/www.horasan.dental\/wp-content\/uploads\/2024\/04\/Team-header-small.jpg\",\"contentUrl\":\"https:\/\/www.horasan.dental\/wp-content\/uploads\/2024\/04\/Team-header-small.jpg\",\"width\":752,\"height\":550},{\"@type\":\"BreadcrumbList\",\"@id\":\"https:\/\/www.horasan.dental\/tr\/ekip-ile-tanisin\/#breadcrumb\",\"itemListElement\":[{\"@type\":\"ListItem\",\"position\":1,\"name\":\"Home\",\"item\":\"https:\/\/www.horasan.dental\/tr\/\"},{\"@type\":\"ListItem\",\"position\":2,\"name\":\"Ekip ile Tan\u0131\u015f\u0131n\"}]},{\"@type\":\"WebSite\",\"@id\":\"https:\/\/www.horasan.dental\/tr\/#website\",\"url\":\"https:\/\/www.horasan.dental\/tr\/\",\"name\":\"Horasan Dental\",\"description\":\"Experience Meets Expertise\",\"publisher\":{\"@id\":\"https:\/\/www.horasan.dental\/tr\/#organization\"},\"potentialAction\":[{\"@type\":\"SearchAction\",\"target\":{\"@type\":\"EntryPoint\",\"urlTemplate\":\"https:\/\/www.horasan.dental\/tr\/?s={search_term_string}\"},\"query-input\":{\"@type\":\"PropertyValueSpecification\",\"valueRequired\":true,\"valueName\":\"search_term_string\"}}],\"inLanguage\":\"tr\"},{\"@type\":\"Organization\",\"@id\":\"https:\/\/www.horasan.dental\/tr\/#organization\",\"name\":\"Horasan Dental\",\"url\":\"https:\/\/www.horasan.dental\/tr\/\",\"logo\":{\"@type\":\"ImageObject\",\"inLanguage\":\"tr\",\"@id\":\"https:\/\/www.horasan.dental\/tr\/#\/schema\/logo\/image\/\",\"url\":\"https:\/\/www.horasan.dental\/wp-content\/uploads\/2024\/02\/cropped-Logo-transparent.png\",\"contentUrl\":\"https:\/\/www.horasan.dental\/wp-content\/uploads\/2024\/02\/cropped-Logo-transparent.png\",\"width\":851,\"height\":284,\"caption\":\"Horasan Dental\"},\"image\":{\"@id\":\"https:\/\/www.horasan.dental\/tr\/#\/schema\/logo\/image\/\"}}]}<\/script>\n<!-- \/ Yoast SEO plugin. -->","yoast_head_json":{"title":"Ekip ile Tan\u0131\u015f\u0131n, Horasan A\u011f\u0131z Ve Di\u015f Sa\u011fl\u0131\u011f\u0131 Poliklini\u011fi","description":"Kendini i\u015fine adam\u0131\u015f, \u00f6zenli di\u015f hekimi ekibi. Ki\u015fiye \u00f6zel di\u015f hekimli\u011fi ilgisi, s\u0131cak bir atmosfer. Nesillerdir s\u00fcre gelen, y\u00fczy\u0131l\u0131 a\u015fk\u0131n deneyim...","robots":{"index":"index","follow":"follow","max-snippet":"max-snippet:-1","max-image-preview":"max-image-preview:large","max-video-preview":"max-video-preview:-1"},"canonical":"https:\/\/www.horasan.dental\/tr\/ekip-ile-tanisin\/","og_locale":"tr_TR","og_type":"article","og_title":"Ekip ile Tan\u0131\u015f\u0131n, Horasan A\u011f\u0131z Ve Di\u015f Sa\u011fl\u0131\u011f\u0131 Poliklini\u011fi","og_description":"Kendini i\u015fine adam\u0131\u015f, \u00f6zenli di\u015f hekimi ekibi. Ki\u015fiye \u00f6zel di\u015f hekimli\u011fi ilgisi, s\u0131cak bir atmosfer. Nesillerdir s\u00fcre gelen, y\u00fczy\u0131l\u0131 a\u015fk\u0131n deneyim...","og_url":"https:\/\/www.horasan.dental\/tr\/ekip-ile-tanisin\/","og_site_name":"Horasan Dental","article_modified_time":"2025-01-31T13:21:33+00:00","og_image":[{"width":752,"height":550,"url":"https:\/\/www.horasan.dental\/wp-content\/uploads\/2024\/04\/Team-header-small.jpg","type":"image\/jpeg"}],"twitter_card":"summary_large_image","twitter_misc":{"Tahmini okuma s\u00fcresi":"2 dakika"},"schema":{"@context":"https:\/\/schema.org","@graph":[{"@type":"WebPage","@id":"https:\/\/www.horasan.dental\/tr\/ekip-ile-tanisin\/","url":"https:\/\/www.horasan.dental\/tr\/ekip-ile-tanisin\/","name":"Ekip ile Tan\u0131\u015f\u0131n, Horasan A\u011f\u0131z Ve Di\u015f Sa\u011fl\u0131\u011f\u0131 Poliklini\u011fi","isPartOf":{"@id":"https:\/\/www.horasan.dental\/tr\/#website"},"primaryImageOfPage":{"@id":"https:\/\/www.horasan.dental\/tr\/ekip-ile-tanisin\/#primaryimage"},"image":{"@id":"https:\/\/www.horasan.dental\/tr\/ekip-ile-tanisin\/#primaryimage"},"thumbnailUrl":"https:\/\/www.horasan.dental\/wp-content\/uploads\/2024\/04\/Team-header-small.jpg","datePublished":"2024-03-28T14:22:35+00:00","dateModified":"2025-01-31T13:21:33+00:00","description":"Kendini i\u015fine adam\u0131\u015f, \u00f6zenli di\u015f hekimi ekibi. Ki\u015fiye \u00f6zel di\u015f hekimli\u011fi ilgisi, s\u0131cak bir atmosfer. Nesillerdir s\u00fcre gelen, y\u00fczy\u0131l\u0131 a\u015fk\u0131n deneyim...","breadcrumb":{"@id":"https:\/\/www.horasan.dental\/tr\/ekip-ile-tanisin\/#breadcrumb"},"inLanguage":"tr","potentialAction":[{"@type":"ReadAction","target":["https:\/\/www.horasan.dental\/tr\/ekip-ile-tanisin\/"]}]},{"@type":"ImageObject","inLanguage":"tr","@id":"https:\/\/www.horasan.dental\/tr\/ekip-ile-tanisin\/#primaryimage","url":"https:\/\/www.horasan.dental\/wp-content\/uploads\/2024\/04\/Team-header-small.jpg","contentUrl":"https:\/\/www.horasan.dental\/wp-content\/uploads\/2024\/04\/Team-header-small.jpg","width":752,"height":550},{"@type":"BreadcrumbList","@id":"https:\/\/www.horasan.dental\/tr\/ekip-ile-tanisin\/#breadcrumb","itemListElement":[{"@type":"ListItem","position":1,"name":"Home","item":"https:\/\/www.horasan.dental\/tr\/"},{"@type":"ListItem","position":2,"name":"Ekip ile Tan\u0131\u015f\u0131n"}]},{"@type":"WebSite","@id":"https:\/\/www.horasan.dental\/tr\/#website","url":"https:\/\/www.horasan.dental\/tr\/","name":"Horasan Dental","description":"Experience Meets Expertise","publisher":{"@id":"https:\/\/www.horasan.dental\/tr\/#organization"},"potentialAction":[{"@type":"SearchAction","target":{"@type":"EntryPoint","urlTemplate":"https:\/\/www.horasan.dental\/tr\/?s={search_term_string}"},"query-input":{"@type":"PropertyValueSpecification","valueRequired":true,"valueName":"search_term_string"}}],"inLanguage":"tr"},{"@type":"Organization","@id":"https:\/\/www.horasan.dental\/tr\/#organization","name":"Horasan Dental","url":"https:\/\/www.horasan.dental\/tr\/","logo":{"@type":"ImageObject","inLanguage":"tr","@id":"https:\/\/www.horasan.dental\/tr\/#\/schema\/logo\/image\/","url":"https:\/\/www.horasan.dental\/wp-content\/uploads\/2024\/02\/cropped-Logo-transparent.png","contentUrl":"https:\/\/www.horasan.dental\/wp-content\/uploads\/2024\/02\/cropped-Logo-transparent.png","width":851,"height":284,"caption":"Horasan Dental"},"image":{"@id":"https:\/\/www.horasan.dental\/tr\/#\/schema\/logo\/image\/"}}]}},"uagb_featured_image_src":{"full":["https:\/\/www.horasan.dental\/wp-content\/uploads\/2024\/04\/Team-header-small.jpg",752,550,false],"thumbnail":["https:\/\/www.horasan.dental\/wp-content\/uploads\/2024\/04\/Team-header-small-150x150.jpg",150,150,true],"medium":["https:\/\/www.horasan.dental\/wp-content\/uploads\/2024\/04\/Team-header-small-300x219.jpg",300,219,true],"medium_large":["https:\/\/www.horasan.dental\/wp-content\/uploads\/2024\/04\/Team-header-small.jpg",752,550,false],"large":["https:\/\/www.horasan.dental\/wp-content\/uploads\/2024\/04\/Team-header-small.jpg",752,550,false],"1536x1536":["https:\/\/www.horasan.dental\/wp-content\/uploads\/2024\/04\/Team-header-small.jpg",752,550,false],"2048x2048":["https:\/\/www.horasan.dental\/wp-content\/uploads\/2024\/04\/Team-header-small.jpg",752,550,false]},"uagb_author_info":{"display_name":"Lana Chmilenko","author_link":"https:\/\/www.horasan.dental\/tr\/author\/lana\/"},"uagb_comment_info":0,"uagb_excerpt":"Di\u015f Hekimler Ekibimiz &#8211; \u0130stanbul, T\u00fcrkiye Ekip ile Tan\u0131\u015f\u0131n Ekibimizle Tan\u0131\u015f\u0131n Di\u015f hekimlerimiz sadece di\u015f hekimli\u011fi tutkusunu de\u011fil, ayn\u0131 zamanda nesiller boyunca aktar\u0131lan zengin bilgi ve deneyimi de miras alm\u0131\u015flard\u0131r. Di\u015f bak\u0131m\u0131 konusundaki bu derin anlay\u0131\u015f\u0131m\u0131z, mevcut en etkili ve g\u00fcncel tedavileri sunabilmemizi sa\u011flamaktad\u0131r. Kendini i\u015fine adam\u0131\u015f, \u00f6zenli di\u015f hekimleri. Ki\u015fiselle\u015ftirilmi\u015f di\u015f hekimli\u011fi ilgisi, g\u00fcvenilir&hellip;","_links":{"self":[{"href":"https:\/\/www.horasan.dental\/tr\/wp-json\/wp\/v2\/pages\/8143"}],"collection":[{"href":"https:\/\/www.horasan.dental\/tr\/wp-json\/wp\/v2\/pages"}],"about":[{"href":"https:\/\/www.horasan.dental\/tr\/wp-json\/wp\/v2\/types\/page"}],"author":[{"embeddable":true,"href":"https:\/\/www.horasan.dental\/tr\/wp-json\/wp\/v2\/users\/2"}],"replies":[{"embeddable":true,"href":"https:\/\/www.horasan.dental\/tr\/wp-json\/wp\/v2\/comments?post=8143"}],"version-history":[{"count":4,"href":"https:\/\/www.horasan.dental\/tr\/wp-json\/wp\/v2\/pages\/8143\/revisions"}],"predecessor-version":[{"id":8160,"href":"https:\/\/www.horasan.dental\/tr\/wp-json\/wp\/v2\/pages\/8143\/revisions\/8160"}],"wp:featuredmedia":[{"embeddable":true,"href":"https:\/\/www.horasan.dental\/tr\/wp-json\/wp\/v2\/media\/7166"}],"wp:attachment":[{"href":"https:\/\/www.horasan.dental\/tr\/wp-json\/wp\/v2\/media?parent=8143"}],"curies":[{"name":"wp","href":"https:\/\/api.w.org\/{rel}","templated":true}]}}