{"id":8015,"date":"2024-03-03T11:19:40","date_gmt":"2024-03-03T11:19:40","guid":{"rendered":"https:\/\/www.horasan.dental\/kanal-tedavisi\/"},"modified":"2025-02-05T11:43:36","modified_gmt":"2025-02-05T11:43:36","slug":"kanal-tedavisi","status":"publish","type":"page","link":"https:\/\/www.horasan.dental\/tr\/kanal-tedavisi\/","title":{"rendered":"Kanal Tedavisi"},"content":{"rendered":"\n<div class=\"wp-block-uagb-container uagb-block-b3fd5149 alignfull uagb-is-root-container\">\n<section class=\"wp-block-uagb-columns uagb-columns__wrap uagb-columns__background-none uagb-columns__stack-mobile uagb-columns__valign-bottom uagb-columns__gap-10 align uagb-block-35810341 uagb-columns__columns-2 uagb-columns__max_width-theme\"><div class=\"uagb-columns__overlay\"><\/div><div class=\"uagb-columns__inner-wrap uagb-columns__columns-2\">\n<div class=\"wp-block-uagb-column uagb-column__wrap uagb-column__background-color uagb-block-2fecb3c7\"><div class=\"uagb-column__overlay\"><\/div>\n<p><\/p>\n\n\n\n<p class=\"has-text-align-center has-ast-global-color-5-color has-text-color has-link-color wp-elements-dd0fee336844006051a7b002f766a853\" style=\"padding-top:0px;padding-bottom:0px\">Kanal Tedavileri &#8211; Istanbul, Turkey<\/p>\n\n\n\n<h2 class=\"wp-block-heading has-text-align-center has-ast-global-color-5-color has-text-color has-link-color wp-elements-63511ec197b27ddad8c990465dc49875\" style=\"padding-right:var(--wp--preset--spacing--30);padding-left:var(--wp--preset--spacing--30);line-height:1.1\">Di\u015f A\u011fr\u0131s\u0131? <br>Kayna\u011f\u0131nda Tedavi Ederiz<\/h2>\n\n\n\n<div class=\"wp-block-uagb-buttons uagb-buttons__outer-wrap uagb-btn__default-btn uagb-btn-tablet__default-btn uagb-btn-mobile__default-btn uagb-block-3fbd67c6\"><div class=\"uagb-buttons__wrap uagb-buttons-layout-wrap \">\n<div class=\"wp-block-uagb-buttons-child uagb-buttons__outer-wrap uagb-block-226697a7 wp-block-button\"><div class=\"uagb-button__wrapper\"><a class=\"uagb-buttons-repeater wp-block-button__link\" aria-label=\"\" href=\"https:\/\/www.horasan.dental\/contact-us\/\" rel=\"follow noopener\" target=\"_self\" role=\"button\"><div class=\"uagb-button__link\">Contact Us Today<\/div><\/a><\/div><\/div>\n<\/div><\/div>\n<\/div>\n\n\n\n<div class=\"wp-block-uagb-column uagb-column__wrap uagb-column__background-undefined uagb-block-54871d09\"><div class=\"uagb-column__overlay\"><\/div><\/div>\n<\/div><\/section>\n<\/div>\n\n\n\n<div class=\"wp-block-uagb-container uagb-block-2d16047b alignfull uagb-is-root-container\"><div class=\"uagb-container-inner-blocks-wrap\">\n<div class=\"wp-block-uagb-container uagb-block-fdcdcf77\">\n<p class=\"uag-hide-mob\"><\/p>\n\n\n\n<h3 class=\"wp-block-heading\" style=\"margin-top:0;line-height:1.3\">G\u00fcl\u00fc\u015fleri Kurtar\u0131rken Di\u015f A\u011fr\u0131lar\u0131n\u0131 Dindirmek:<\/h3>\n\n\n\n<p>S\u0131cak veya so\u011fuk i\u00e7eceklerin tad\u0131n\u0131 \u00e7\u0131kard\u0131ktan sonra s\u00fcrekli di\u015f hassasiyeti sizi rahats\u0131z m\u0131 ediyor? Is\u0131rmak keskin bir a\u011fr\u0131y\u0131 tetikliyor mu? Belirli bir di\u015fi \u00e7evreleyen \u015fi\u015fmi\u015f di\u015f etleri endi\u015feye mi neden oluyor? Bu i\u015faretler genellikle daha derin bir soruna i\u015faret eder &#8211; di\u015f k\u00f6k\u00fcn\u00fczdeki enfekte pulpa.<\/p>\n\n\n\n<p>Bu enfeksiyon, \u015fiddetli \u00e7atlaklar veya k\u0131r\u0131klar, yaralanmalar veya di\u015fin i\u00e7 k\u0131sm\u0131na ula\u015fan yo\u011fun di\u015f \u00e7\u00fcr\u00fc\u011f\u00fc gibi \u00e7e\u015fitli nedenlerden kaynaklanabilir. Tedavi edilmedi\u011finde enfeksiyon k\u00f6t\u00fcle\u015ferek artan a\u011fr\u0131ya neden olur, potansiyel olarak apseye yol a\u00e7ar ve nihayetinde di\u015fin \u00e7ekilmesini gerektirebilir.<\/p>\n<\/div>\n\n\n\n<div class=\"wp-block-uagb-container uagb-block-0391b9a7\">\n<div class=\"wp-block-uagb-image uagb-block-e3ef6290 wp-block-uagb-image--layout-default wp-block-uagb-image--effect-static wp-block-uagb-image--align-none\"><figure class=\"wp-block-uagb-image__figure\"><img decoding=\"async\" srcset=\"https:\/\/www.horasan.dental\/wp-content\/uploads\/2024\/03\/ToothAcheMan.jpg ,https:\/\/www.horasan.dental\/wp-content\/uploads\/2024\/03\/ToothAcheMan.jpg 780w, https:\/\/www.horasan.dental\/wp-content\/uploads\/2024\/03\/ToothAcheMan.jpg 360w\" sizes=\"(max-width: 480px) 150px\" src=\"https:\/\/www.horasan.dental\/wp-content\/uploads\/2024\/03\/ToothAcheMan.jpg\" alt=\"Toothache\" class=\"uag-image-6307\" width=\"1024\" height=\"752\" title=\"ToothAcheMan\" loading=\"lazy\" role=\"img\"\/><\/figure><\/div>\n<\/div>\n<\/div><\/div>\n\n\n\n<div class=\"wp-block-uagb-container uagb-block-2b00d129 alignfull uagb-is-root-container\"><div class=\"uagb-container-inner-blocks-wrap\">\n<p>Ancak endi\u015felenmeyin, bu semptomlar\u0131, \u00f6zellikle de \u015fiddetli bir di\u015f a\u011fr\u0131s\u0131 ya\u015f\u0131yorsan\u0131z, bir \u00e7\u00f6z\u00fcm\u00fcm\u00fcz var! \u0130stanbul Kad\u0131k\u00f6y&#8217;deki Horasan A\u011f\u0131z Ve Di\u015f Sa\u011fl\u0131\u011f\u0131 Poliklini\u011fi&#8217;nde deneyimli di\u015f hekimlerimiz, endodontik tedavi olarak da bilinen k\u00f6k kanal tedavisi konusunda uzmanla\u015fm\u0131\u015ft\u0131r.<\/p>\n<\/div><\/div>\n\n\n\n<div class=\"wp-block-uagb-container uagb-block-54c355e0 alignfull uagb-is-root-container\"><div class=\"uagb-container-inner-blocks-wrap\">\n<div class=\"wp-block-uagb-container uagb-block-8eb8827a alignfull uagb-is-root-container\"><div class=\"uagb-container-inner-blocks-wrap\">\n<div class=\"wp-block-uagb-container uagb-block-dbb5c062\">\n<div class=\"wp-block-uagb-image uagb-block-fb8a6937 wp-block-uagb-image--layout-default wp-block-uagb-image--effect-static wp-block-uagb-image--align-none\"><figure class=\"wp-block-uagb-image__figure\"><img decoding=\"async\"  sizes=\"(max-width: 480px) 150px\" src=\"https:\/\/www.horasan.dental\/wp-content\/uploads\/2024\/03\/Root-Canal.jpg\" alt=\"\" width=\"530\" height=\"827\" title=\"\" loading=\"lazy\" role=\"img\"\/><\/figure><\/div>\n<\/div>\n\n\n\n<div class=\"wp-block-uagb-container uagb-block-6ca32a46\">\n<p>Kanal tedavileri, di\u015f k\u00f6k\u00fcndeki enfeksiyon ve iltihab\u0131 daha fazla yay\u0131lmadan \u00f6nce ortadan kald\u0131rarak sorunun \u00f6z\u00fcn\u00fc etkili bir \u015fekilde ele al\u0131r. Kanal tedavilerine yakla\u015f\u0131m\u0131m\u0131z, di\u015f a\u011fr\u0131n\u0131z\u0131 rahat\u00e7a ortadan kald\u0131rmak, daha fazla yay\u0131lmas\u0131n\u0131 engellemek ve nihayetinde do\u011fal di\u015finizi korumak i\u00e7in tasarlanm\u0131\u015ft\u0131r.<\/p>\n\n\n\n<p>San\u0131lan\u0131n aksine kanal tedavisi g\u00fcl\u00fc\u015f\u00fcn\u00fcz\u00fc etkili bir \u015fekilde korur. \u015flem s\u0131ras\u0131nda, di\u015f hekimimiz y\u00fcksek kaliteli lokal anestezi kullanarak b\u00f6lgeyi uyu\u015fturur ve bir \u00e7\u00fcr\u00fc\u011f\u00fcn doldurulmas\u0131na benzer \u015fekilde minimum rahats\u0131zl\u0131k hissetmenizi sa\u011flar. Daha sonra di\u015f kronundaki k\u00fc\u00e7\u00fck bir a\u00e7\u0131kl\u0131ktan enfekte pulpa odas\u0131na nazik\u00e7e eri\u015filir. Bu sayede t\u00fcm enfeksiyon, bakteri ve hasarl\u0131 dokular\u0131 ustal\u0131kla temizleyebiliyoruz.<\/p>\n\n\n\n<p>Ard\u0131ndan, kanallar \u00f6zel bir malzeme ile doldurulmadan \u00f6nce titizlikle temizlenir ve dezenfekte edilir. Gelecekte enfeksiyonu \u00f6nlemek ve optimum i\u015flevselli\u011fi sa\u011flamak i\u00e7in di\u015finiz g\u00fcvenli bir \u015fekilde kapat\u0131l\u0131r.<\/p>\n<\/div>\n<\/div><\/div>\n<\/div><\/div>\n\n\n\n<div class=\"wp-block-uagb-container uagb-block-ea242d15 alignfull uagb-is-root-container\"><div class=\"uagb-container-inner-blocks-wrap\">\n<div class=\"wp-block-uagb-container uagb-block-679a6081\">\n<h3 class=\"wp-block-heading has-text-align-center\" style=\"margin-top:var(--wp--preset--spacing--50);line-height:1.3\">Kanal Tedavilerin Sonu\u00e7lar\u0131:<\/h3>\n\n\n\n<p>Ba\u015far\u0131l\u0131 kanal tedavisi prosed\u00fcr\u00fcn\u00fcz\u00fcn ard\u0131ndan, di\u015f a\u011fr\u0131s\u0131n\u0131n pen\u00e7elerinden kurtulmu\u015f ve rahat ya\u015faman\u0131n keyfini yeniden ke\u015ffetmi\u015f bir hayat\u0131 d\u00f6rt g\u00f6zle bekleyebilirsiniz. Ekibimiz, sorunsuz ve h\u0131zl\u0131 bir iyile\u015fme sa\u011flamak i\u00e7in net talimatlar sunacak ve bu tedavinin say\u0131s\u0131z faydas\u0131ndan yararlanman\u0131za olanak tan\u0131yacakt\u0131r.<br><br>Kanal tedavilerinin birincil amac\u0131 enfekte ve iltihapl\u0131 pulpay\u0131 ortadan kald\u0131rmak, b\u00f6ylece di\u015f a\u011fr\u0131n\u0131z\u0131n kayna\u011f\u0131n\u0131 ortadan kald\u0131rmak ve konforu geri kazand\u0131rmakt\u0131r. Kanal Tedavileri, enfeksiyonu kayna\u011f\u0131nda ele alarak do\u011fal di\u015finizi etkili bir \u015fekilde kurtar\u0131r, \u00e7ekim ihtiyac\u0131n\u0131 \u00f6nler ve do\u011fal g\u00fcl\u00fc\u015f\u00fcn\u00fcz\u00fc korur.<br><br>Enfeksiyon temizlendikten ve di\u015f tedavi edildikten sonra, i\u015flevselli\u011finin geri kazan\u0131lmas\u0131n\u0131 bekleyebilir, a\u011fr\u0131 veya rahats\u0131zl\u0131k duymadan \u00e7i\u011fnemenize ve \u0131s\u0131rman\u0131za izin verebilirsiniz. Unutmay\u0131n, do\u011fal di\u015finizi kurtarmak yaln\u0131zca i\u015flevselli\u011fi art\u0131rmakla kalmaz, ayn\u0131 zamanda g\u00fcl\u00fc\u015f\u00fcn\u00fcz\u00fcn genel esteti\u011fine de katk\u0131da bulunarak g\u00fcven ve refah\u0131 art\u0131r\u0131r.<\/p>\n<\/div>\n\n\n\n<div class=\"wp-block-uagb-image aligncenter uagb-block-10c03ccd wp-block-uagb-image--layout-default wp-block-uagb-image--effect-static wp-block-uagb-image--align-center\"><figure class=\"wp-block-uagb-image__figure\"><img decoding=\"async\" srcset=\"https:\/\/www.horasan.dental\/wp-content\/uploads\/2024\/03\/DrBerilHorasan.png ,https:\/\/www.horasan.dental\/wp-content\/uploads\/2024\/03\/DrBerilHorasan.png 780w, https:\/\/www.horasan.dental\/wp-content\/uploads\/2024\/03\/DrBerilHorasan.png 360w\" sizes=\"(max-width: 480px) 150px\" src=\"https:\/\/www.horasan.dental\/wp-content\/uploads\/2024\/03\/DrBerilHorasan.png\" alt=\"Dr Beril Horasan\" class=\"uag-image-6592\" width=\"459\" height=\"650\" title=\"DrBerilHorasan\" loading=\"lazy\" role=\"img\"\/><\/figure><\/div>\n<\/div><\/div>\n\n\n\n<div class=\"wp-block-uagb-container uagb-block-3a1ef454 alignfull uagb-is-root-container\"><div class=\"uagb-container-inner-blocks-wrap\">\n<div class=\"wp-block-uagb-container uagb-block-6c991215\">\n<section class=\"wp-block-uagb-columns uagb-columns__wrap uagb-columns__background-none uagb-columns__stack-mobile uagb-columns__valign- uagb-columns__gap-10 align uagb-block-1a49a529 uagb-columns__columns-3 uagb-columns__max_width-theme\"><div class=\"uagb-columns__overlay\"><\/div><div class=\"uagb-columns__inner-wrap uagb-columns__columns-3\">\n<div class=\"wp-block-uagb-column uagb-column__wrap uagb-column__background-undefined uagb-block-89f1d4de\"><div class=\"uagb-column__overlay\"><\/div><\/div>\n\n\n\n<div class=\"wp-block-uagb-column uagb-column__wrap uagb-column__background-undefined uagb-block-eb25ac48\"><div class=\"uagb-column__overlay\"><\/div>\n<div class=\"wp-block-uagb-separator uagb-block-d8b0640b is-style-wide\"><div class=\"wp-block-uagb-separator__inner\" style=\"--my-background-image:\"><\/div><\/div>\n\n\n\n<p><\/p>\n\n\n\n<h3 class=\"wp-block-heading has-text-align-center has-ast-global-color-5-color has-text-color has-link-color wp-elements-fe43b4c28a705b96674b66548e5c52bf\" style=\"line-height:1.2\">Problemi k\u00f6k\u00fcnde \u00e7\u00f6z\u00fcn!<\/h3>\n\n\n\n<div class=\"wp-block-uagb-separator uagb-block-bbb22d6c is-style-wide\"><div class=\"wp-block-uagb-separator__inner\" style=\"--my-background-image:\"><\/div><\/div>\n\n\n\n<p><\/p>\n\n\n\n<p class=\"has-text-align-center has-ast-global-color-5-color has-text-color has-link-color wp-elements-f4b2e5cd15b999c470b9ba40673754af\">Kanal tedavilerinin faydalar\u0131n\u0131 ke\u015ffedin!<\/p>\n\n\n\n<div class=\"wp-block-uagb-buttons uagb-buttons__outer-wrap uagb-btn__default-btn uagb-btn-tablet__default-btn uagb-btn-mobile__default-btn uagb-block-df9fd2fa\"><div class=\"uagb-buttons__wrap uagb-buttons-layout-wrap \">\n<div class=\"wp-block-uagb-buttons-child uagb-buttons__outer-wrap uagb-block-6e67e909 wp-block-button\"><div class=\"uagb-button__wrapper\"><a class=\"uagb-buttons-repeater wp-block-button__link\" aria-label=\"\" href=\"https:\/\/www.horasan.dental\/contact-us\/\" rel=\"follow noopener\" target=\"_self\" role=\"button\"><div class=\"uagb-button__link\">Book Now<\/div><\/a><\/div><\/div>\n<\/div><\/div>\n<\/div>\n\n\n\n<div class=\"wp-block-uagb-column uagb-column__wrap uagb-column__background-undefined uagb-block-887dddb5\"><div class=\"uagb-column__overlay\"><\/div><\/div>\n<\/div><\/section>\n<\/div>\n<\/div><\/div>\n","protected":false},"excerpt":{"rendered":"<p>Kanal Tedavileri &#8211; Istanbul, Turkey Di\u015f A\u011fr\u0131s\u0131? Kayna\u011f\u0131nda Tedavi Ederiz G\u00fcl\u00fc\u015fleri Kurtar\u0131rken Di\u015f A\u011fr\u0131lar\u0131n\u0131 Dindirmek: S\u0131cak veya so\u011fuk i\u00e7eceklerin tad\u0131n\u0131 \u00e7\u0131kard\u0131ktan sonra s\u00fcrekli di\u015f hassasiyeti sizi rahats\u0131z m\u0131 ediyor? Is\u0131rmak keskin bir a\u011fr\u0131y\u0131 tetikliyor mu? Belirli bir di\u015fi \u00e7evreleyen \u015fi\u015fmi\u015f di\u015f etleri endi\u015feye mi neden oluyor? Bu i\u015faretler genellikle daha derin bir soruna i\u015faret eder [&hellip;]<\/p>\n","protected":false},"author":1,"featured_media":9054,"parent":0,"menu_order":0,"comment_status":"closed","ping_status":"closed","template":"","meta":{"_uag_custom_page_level_css":"","site-sidebar-layout":"default","site-content-layout":"","ast-site-content-layout":"default","site-content-style":"default","site-sidebar-style":"default","ast-global-header-display":"","ast-banner-title-visibility":"","ast-main-header-display":"","ast-hfb-above-header-display":"","ast-hfb-below-header-display":"","ast-hfb-mobile-header-display":"","site-post-title":"disabled","ast-breadcrumbs-content":"","ast-featured-img":"disabled","footer-sml-layout":"","ast-disable-related-posts":"","theme-transparent-header-meta":"","adv-header-id-meta":"","stick-header-meta":"","header-above-stick-meta":"","header-main-stick-meta":"","header-below-stick-meta":"","astra-migrate-meta-layouts":"set","ast-page-background-enabled":"default","ast-page-background-meta":{"desktop":{"background-color":"","background-image":"","background-repeat":"repeat","background-position":"center center","background-size":"auto","background-attachment":"scroll","background-type":"","background-media":"","overlay-type":"","overlay-color":"","overlay-opacity":"","overlay-gradient":""},"tablet":{"background-color":"","background-image":"","background-repeat":"repeat","background-position":"center center","background-size":"auto","background-attachment":"scroll","background-type":"","background-media":"","overlay-type":"","overlay-color":"","overlay-opacity":"","overlay-gradient":""},"mobile":{"background-color":"","background-image":"","background-repeat":"repeat","background-position":"center center","background-size":"auto","background-attachment":"scroll","background-type":"","background-media":"","overlay-type":"","overlay-color":"","overlay-opacity":"","overlay-gradient":""}},"ast-content-background-meta":{"desktop":{"background-color":"var(--ast-global-color-5)","background-image":"","background-repeat":"repeat","background-position":"center center","background-size":"auto","background-attachment":"scroll","background-type":"","background-media":"","overlay-type":"","overlay-color":"","overlay-opacity":"","overlay-gradient":""},"tablet":{"background-color":"var(--ast-global-color-5)","background-image":"","background-repeat":"repeat","background-position":"center center","background-size":"auto","background-attachment":"scroll","background-type":"","background-media":"","overlay-type":"","overlay-color":"","overlay-opacity":"","overlay-gradient":""},"mobile":{"background-color":"var(--ast-global-color-5)","background-image":"","background-repeat":"repeat","background-position":"center center","background-size":"auto","background-attachment":"scroll","background-type":"","background-media":"","overlay-type":"","overlay-color":"","overlay-opacity":"","overlay-gradient":""}},"footnotes":""},"yoast_head":"<!-- This site is optimized with the Yoast SEO plugin v24.5 - https:\/\/yoast.com\/wordpress\/plugins\/seo\/ -->\n<title>Kanal Tedavisi<\/title>\n<meta name=\"robots\" content=\"index, follow, max-snippet:-1, max-image-preview:large, max-video-preview:-1\" \/>\n<link rel=\"canonical\" href=\"https:\/\/www.horasan.dental\/tr\/kanal-tedavisi\/\" \/>\n<meta property=\"og:locale\" content=\"tr_TR\" \/>\n<meta property=\"og:type\" content=\"article\" \/>\n<meta property=\"og:title\" content=\"Kanal Tedavisi\" \/>\n<meta property=\"og:description\" content=\"Kanal Tedavileri &#8211; Istanbul, Turkey Di\u015f A\u011fr\u0131s\u0131? Kayna\u011f\u0131nda Tedavi Ederiz G\u00fcl\u00fc\u015fleri Kurtar\u0131rken Di\u015f A\u011fr\u0131lar\u0131n\u0131 Dindirmek: S\u0131cak veya so\u011fuk i\u00e7eceklerin tad\u0131n\u0131 \u00e7\u0131kard\u0131ktan sonra s\u00fcrekli di\u015f hassasiyeti sizi rahats\u0131z m\u0131 ediyor? Is\u0131rmak keskin bir a\u011fr\u0131y\u0131 tetikliyor mu? Belirli bir di\u015fi \u00e7evreleyen \u015fi\u015fmi\u015f di\u015f etleri endi\u015feye mi neden oluyor? Bu i\u015faretler genellikle daha derin bir soruna i\u015faret eder [&hellip;]\" \/>\n<meta property=\"og:url\" content=\"https:\/\/www.horasan.dental\/tr\/kanal-tedavisi\/\" \/>\n<meta property=\"og:site_name\" content=\"Horasan Dental\" \/>\n<meta property=\"article:modified_time\" content=\"2025-02-05T11:43:36+00:00\" \/>\n<meta property=\"og:image\" content=\"https:\/\/www.horasan.dental\/wp-content\/uploads\/2025\/02\/Kanal-Tedavilerititle.jpg\" \/>\n\t<meta property=\"og:image:width\" content=\"1060\" \/>\n\t<meta property=\"og:image:height\" content=\"1223\" \/>\n\t<meta property=\"og:image:type\" content=\"image\/jpeg\" \/>\n<meta name=\"twitter:card\" content=\"summary_large_image\" \/>\n<meta name=\"twitter:label1\" content=\"Tahmini okuma s\u00fcresi\" \/>\n\t<meta name=\"twitter:data1\" content=\"3 dakika\" \/>\n<script type=\"application\/ld+json\" class=\"yoast-schema-graph\">{\"@context\":\"https:\/\/schema.org\",\"@graph\":[{\"@type\":\"WebPage\",\"@id\":\"https:\/\/www.horasan.dental\/tr\/kanal-tedavisi\/\",\"url\":\"https:\/\/www.horasan.dental\/tr\/kanal-tedavisi\/\",\"name\":\"Kanal Tedavisi\",\"isPartOf\":{\"@id\":\"https:\/\/www.horasan.dental\/tr\/#website\"},\"primaryImageOfPage\":{\"@id\":\"https:\/\/www.horasan.dental\/tr\/kanal-tedavisi\/#primaryimage\"},\"image\":{\"@id\":\"https:\/\/www.horasan.dental\/tr\/kanal-tedavisi\/#primaryimage\"},\"thumbnailUrl\":\"https:\/\/www.horasan.dental\/wp-content\/uploads\/2025\/02\/Kanal-Tedavilerititle.jpg\",\"datePublished\":\"2024-03-03T11:19:40+00:00\",\"dateModified\":\"2025-02-05T11:43:36+00:00\",\"breadcrumb\":{\"@id\":\"https:\/\/www.horasan.dental\/tr\/kanal-tedavisi\/#breadcrumb\"},\"inLanguage\":\"tr\",\"potentialAction\":[{\"@type\":\"ReadAction\",\"target\":[\"https:\/\/www.horasan.dental\/tr\/kanal-tedavisi\/\"]}]},{\"@type\":\"ImageObject\",\"inLanguage\":\"tr\",\"@id\":\"https:\/\/www.horasan.dental\/tr\/kanal-tedavisi\/#primaryimage\",\"url\":\"https:\/\/www.horasan.dental\/wp-content\/uploads\/2025\/02\/Kanal-Tedavilerititle.jpg\",\"contentUrl\":\"https:\/\/www.horasan.dental\/wp-content\/uploads\/2025\/02\/Kanal-Tedavilerititle.jpg\",\"width\":1060,\"height\":1223},{\"@type\":\"BreadcrumbList\",\"@id\":\"https:\/\/www.horasan.dental\/tr\/kanal-tedavisi\/#breadcrumb\",\"itemListElement\":[{\"@type\":\"ListItem\",\"position\":1,\"name\":\"Home\",\"item\":\"https:\/\/www.horasan.dental\/tr\/\"},{\"@type\":\"ListItem\",\"position\":2,\"name\":\"Kanal Tedavisi\"}]},{\"@type\":\"WebSite\",\"@id\":\"https:\/\/www.horasan.dental\/tr\/#website\",\"url\":\"https:\/\/www.horasan.dental\/tr\/\",\"name\":\"Horasan Dental\",\"description\":\"Experience Meets Expertise\",\"publisher\":{\"@id\":\"https:\/\/www.horasan.dental\/tr\/#organization\"},\"potentialAction\":[{\"@type\":\"SearchAction\",\"target\":{\"@type\":\"EntryPoint\",\"urlTemplate\":\"https:\/\/www.horasan.dental\/tr\/?s={search_term_string}\"},\"query-input\":{\"@type\":\"PropertyValueSpecification\",\"valueRequired\":true,\"valueName\":\"search_term_string\"}}],\"inLanguage\":\"tr\"},{\"@type\":\"Organization\",\"@id\":\"https:\/\/www.horasan.dental\/tr\/#organization\",\"name\":\"Horasan Dental\",\"url\":\"https:\/\/www.horasan.dental\/tr\/\",\"logo\":{\"@type\":\"ImageObject\",\"inLanguage\":\"tr\",\"@id\":\"https:\/\/www.horasan.dental\/tr\/#\/schema\/logo\/image\/\",\"url\":\"https:\/\/www.horasan.dental\/wp-content\/uploads\/2024\/02\/cropped-Logo-transparent.png\",\"contentUrl\":\"https:\/\/www.horasan.dental\/wp-content\/uploads\/2024\/02\/cropped-Logo-transparent.png\",\"width\":851,\"height\":284,\"caption\":\"Horasan Dental\"},\"image\":{\"@id\":\"https:\/\/www.horasan.dental\/tr\/#\/schema\/logo\/image\/\"}}]}<\/script>\n<!-- \/ Yoast SEO plugin. -->","yoast_head_json":{"title":"Kanal Tedavisi","robots":{"index":"index","follow":"follow","max-snippet":"max-snippet:-1","max-image-preview":"max-image-preview:large","max-video-preview":"max-video-preview:-1"},"canonical":"https:\/\/www.horasan.dental\/tr\/kanal-tedavisi\/","og_locale":"tr_TR","og_type":"article","og_title":"Kanal Tedavisi","og_description":"Kanal Tedavileri &#8211; Istanbul, Turkey Di\u015f A\u011fr\u0131s\u0131? Kayna\u011f\u0131nda Tedavi Ederiz G\u00fcl\u00fc\u015fleri Kurtar\u0131rken Di\u015f A\u011fr\u0131lar\u0131n\u0131 Dindirmek: S\u0131cak veya so\u011fuk i\u00e7eceklerin tad\u0131n\u0131 \u00e7\u0131kard\u0131ktan sonra s\u00fcrekli di\u015f hassasiyeti sizi rahats\u0131z m\u0131 ediyor? Is\u0131rmak keskin bir a\u011fr\u0131y\u0131 tetikliyor mu? Belirli bir di\u015fi \u00e7evreleyen \u015fi\u015fmi\u015f di\u015f etleri endi\u015feye mi neden oluyor? Bu i\u015faretler genellikle daha derin bir soruna i\u015faret eder [&hellip;]","og_url":"https:\/\/www.horasan.dental\/tr\/kanal-tedavisi\/","og_site_name":"Horasan Dental","article_modified_time":"2025-02-05T11:43:36+00:00","og_image":[{"width":1060,"height":1223,"url":"https:\/\/www.horasan.dental\/wp-content\/uploads\/2025\/02\/Kanal-Tedavilerititle.jpg","type":"image\/jpeg"}],"twitter_card":"summary_large_image","twitter_misc":{"Tahmini okuma s\u00fcresi":"3 dakika"},"schema":{"@context":"https:\/\/schema.org","@graph":[{"@type":"WebPage","@id":"https:\/\/www.horasan.dental\/tr\/kanal-tedavisi\/","url":"https:\/\/www.horasan.dental\/tr\/kanal-tedavisi\/","name":"Kanal Tedavisi","isPartOf":{"@id":"https:\/\/www.horasan.dental\/tr\/#website"},"primaryImageOfPage":{"@id":"https:\/\/www.horasan.dental\/tr\/kanal-tedavisi\/#primaryimage"},"image":{"@id":"https:\/\/www.horasan.dental\/tr\/kanal-tedavisi\/#primaryimage"},"thumbnailUrl":"https:\/\/www.horasan.dental\/wp-content\/uploads\/2025\/02\/Kanal-Tedavilerititle.jpg","datePublished":"2024-03-03T11:19:40+00:00","dateModified":"2025-02-05T11:43:36+00:00","breadcrumb":{"@id":"https:\/\/www.horasan.dental\/tr\/kanal-tedavisi\/#breadcrumb"},"inLanguage":"tr","potentialAction":[{"@type":"ReadAction","target":["https:\/\/www.horasan.dental\/tr\/kanal-tedavisi\/"]}]},{"@type":"ImageObject","inLanguage":"tr","@id":"https:\/\/www.horasan.dental\/tr\/kanal-tedavisi\/#primaryimage","url":"https:\/\/www.horasan.dental\/wp-content\/uploads\/2025\/02\/Kanal-Tedavilerititle.jpg","contentUrl":"https:\/\/www.horasan.dental\/wp-content\/uploads\/2025\/02\/Kanal-Tedavilerititle.jpg","width":1060,"height":1223},{"@type":"BreadcrumbList","@id":"https:\/\/www.horasan.dental\/tr\/kanal-tedavisi\/#breadcrumb","itemListElement":[{"@type":"ListItem","position":1,"name":"Home","item":"https:\/\/www.horasan.dental\/tr\/"},{"@type":"ListItem","position":2,"name":"Kanal Tedavisi"}]},{"@type":"WebSite","@id":"https:\/\/www.horasan.dental\/tr\/#website","url":"https:\/\/www.horasan.dental\/tr\/","name":"Horasan Dental","description":"Experience Meets Expertise","publisher":{"@id":"https:\/\/www.horasan.dental\/tr\/#organization"},"potentialAction":[{"@type":"SearchAction","target":{"@type":"EntryPoint","urlTemplate":"https:\/\/www.horasan.dental\/tr\/?s={search_term_string}"},"query-input":{"@type":"PropertyValueSpecification","valueRequired":true,"valueName":"search_term_string"}}],"inLanguage":"tr"},{"@type":"Organization","@id":"https:\/\/www.horasan.dental\/tr\/#organization","name":"Horasan Dental","url":"https:\/\/www.horasan.dental\/tr\/","logo":{"@type":"ImageObject","inLanguage":"tr","@id":"https:\/\/www.horasan.dental\/tr\/#\/schema\/logo\/image\/","url":"https:\/\/www.horasan.dental\/wp-content\/uploads\/2024\/02\/cropped-Logo-transparent.png","contentUrl":"https:\/\/www.horasan.dental\/wp-content\/uploads\/2024\/02\/cropped-Logo-transparent.png","width":851,"height":284,"caption":"Horasan Dental"},"image":{"@id":"https:\/\/www.horasan.dental\/tr\/#\/schema\/logo\/image\/"}}]}},"uagb_featured_image_src":{"full":["https:\/\/www.horasan.dental\/wp-content\/uploads\/2025\/02\/Kanal-Tedavilerititle.jpg",1060,1223,false],"thumbnail":["https:\/\/www.horasan.dental\/wp-content\/uploads\/2025\/02\/Kanal-Tedavilerititle-150x150.jpg",150,150,true],"medium":["https:\/\/www.horasan.dental\/wp-content\/uploads\/2025\/02\/Kanal-Tedavilerititle-260x300.jpg",260,300,true],"medium_large":["https:\/\/www.horasan.dental\/wp-content\/uploads\/2025\/02\/Kanal-Tedavilerititle-768x886.jpg",768,886,true],"large":["https:\/\/www.horasan.dental\/wp-content\/uploads\/2025\/02\/Kanal-Tedavilerititle-888x1024.jpg",888,1024,true],"1536x1536":["https:\/\/www.horasan.dental\/wp-content\/uploads\/2025\/02\/Kanal-Tedavilerititle.jpg",1060,1223,false],"2048x2048":["https:\/\/www.horasan.dental\/wp-content\/uploads\/2025\/02\/Kanal-Tedavilerititle.jpg",1060,1223,false]},"uagb_author_info":{"display_name":"admin","author_link":"https:\/\/www.horasan.dental\/tr\/author\/admin\/"},"uagb_comment_info":0,"uagb_excerpt":"Kanal Tedavileri &#8211; Istanbul, Turkey Di\u015f A\u011fr\u0131s\u0131? Kayna\u011f\u0131nda Tedavi Ederiz G\u00fcl\u00fc\u015fleri Kurtar\u0131rken Di\u015f A\u011fr\u0131lar\u0131n\u0131 Dindirmek: S\u0131cak veya so\u011fuk i\u00e7eceklerin tad\u0131n\u0131 \u00e7\u0131kard\u0131ktan sonra s\u00fcrekli di\u015f hassasiyeti sizi rahats\u0131z m\u0131 ediyor? Is\u0131rmak keskin bir a\u011fr\u0131y\u0131 tetikliyor mu? Belirli bir di\u015fi \u00e7evreleyen \u015fi\u015fmi\u015f di\u015f etleri endi\u015feye mi neden oluyor? Bu i\u015faretler genellikle daha derin bir soruna i\u015faret eder&hellip;","_links":{"self":[{"href":"https:\/\/www.horasan.dental\/tr\/wp-json\/wp\/v2\/pages\/8015"}],"collection":[{"href":"https:\/\/www.horasan.dental\/tr\/wp-json\/wp\/v2\/pages"}],"about":[{"href":"https:\/\/www.horasan.dental\/tr\/wp-json\/wp\/v2\/types\/page"}],"author":[{"embeddable":true,"href":"https:\/\/www.horasan.dental\/tr\/wp-json\/wp\/v2\/users\/1"}],"replies":[{"embeddable":true,"href":"https:\/\/www.horasan.dental\/tr\/wp-json\/wp\/v2\/comments?post=8015"}],"version-history":[{"count":5,"href":"https:\/\/www.horasan.dental\/tr\/wp-json\/wp\/v2\/pages\/8015\/revisions"}],"predecessor-version":[{"id":9057,"href":"https:\/\/www.horasan.dental\/tr\/wp-json\/wp\/v2\/pages\/8015\/revisions\/9057"}],"wp:featuredmedia":[{"embeddable":true,"href":"https:\/\/www.horasan.dental\/tr\/wp-json\/wp\/v2\/media\/9054"}],"wp:attachment":[{"href":"https:\/\/www.horasan.dental\/tr\/wp-json\/wp\/v2\/media?parent=8015"}],"curies":[{"name":"wp","href":"https:\/\/api.w.org\/{rel}","templated":true}]}}