{"id":7950,"date":"2024-02-16T14:23:47","date_gmt":"2024-02-16T14:23:47","guid":{"rendered":"https:\/\/www.horasan.dental\/iletisim\/"},"modified":"2025-01-31T13:19:00","modified_gmt":"2025-01-31T13:19:00","slug":"iletisim","status":"publish","type":"page","link":"https:\/\/www.horasan.dental\/tr\/iletisim\/","title":{"rendered":"\u0130leti\u015fim"},"content":{"rendered":"\n<div class=\"wp-block-uagb-container uagb-block-b3fd5149 alignfull uagb-is-root-container\"><div class=\"uagb-container-inner-blocks-wrap\">\n<section class=\"wp-block-uagb-columns uagb-columns__wrap uagb-columns__background-none uagb-columns__stack-mobile uagb-columns__valign-bottom uagb-columns__gap-10 align uagb-block-35810341 uagb-columns__columns-2 uagb-columns__max_width-theme\"><div class=\"uagb-columns__overlay\"><\/div><div class=\"uagb-columns__inner-wrap uagb-columns__columns-2\">\n<div class=\"wp-block-uagb-column uagb-column__wrap uagb-column__background-color uagb-block-2fecb3c7\"><div class=\"uagb-column__overlay\"><\/div>\n<p><\/p>\n\n\n\n<p class=\"has-text-align-center has-ast-global-color-5-color has-text-color has-link-color wp-elements-204bea5e8aad05e516966e19f8c3f1c5\" style=\"padding-top:0px;padding-bottom:0px\">\u0130leti\u015fim &#8211; Horasan A\u011f\u0131z Ve Di\u015f Sa\u011fl\u0131\u011f\u0131 Poliklini\u011fi<\/p>\n\n\n\n<h2 class=\"wp-block-heading has-text-align-center has-ast-global-color-5-color has-text-color has-link-color wp-elements-a7d647696e604850b2626801fb26298b\" style=\"padding-right:var(--wp--preset--spacing--30);padding-left:var(--wp--preset--spacing--30);line-height:1.1\">G\u00fcl\u00fc\u015f\u00fcn\u00fcz\u00fcn g\u00fcvenilir orta\u011f\u0131!<\/h2>\n\n\n\n<div class=\"wp-block-uagb-separator uagb-block-3ab2e1dc\"><div class=\"wp-block-uagb-separator__inner\" style=\"--my-background-image:\"><\/div><\/div>\n<\/div>\n\n\n\n<div class=\"wp-block-uagb-column uagb-column__wrap uagb-column__background-undefined uagb-block-54871d09\"><div class=\"uagb-column__overlay\"><\/div><\/div>\n<\/div><\/section>\n<\/div><\/div>\n\n<div class=\"wp-block-uagb-container uagb-block-cldgfsby alignfull uagb-is-root-container\"><div class=\"uagb-container-inner-blocks-wrap\">\n<div class=\"wp-block-uagb-container uagb-block-ghmohj8y\">\n<div class=\"wp-block-uagb-info-box uagb-block-9sa8dx1o uagb-infobox__content-wrap  uagb-infobox-icon-above-title uagb-infobox-image-valign-top wp-block-uagb-info-box--has-margin\"><div class=\"uagb-infobox-margin-wrapper\"><div class=\"uagb-ifb-content\"><div class=\"uagb-ifb-title-wrap\"><h2 class=\"uagb-ifb-title\">\u0130leti\u015fime Ge\u00e7in<\/h2><\/div><p class=\"uagb-ifb-desc\"><mark style=\"background-color:rgba(0, 0, 0, 0)\" class=\"has-inline-color has-ast-global-color-0-color\"><strong>Horasan A\u011f\u0131z Ve Di\u015f Sa\u011fl\u0131\u011f\u0131 Poliklini\u011fi<\/strong><\/mark><\/p><\/div><\/div><\/div>\n\n\n\n<div class=\"wp-block-uagb-container uagb-block-wrygcgxc\">\n<div class=\"wp-block-uagb-info-box uagb-block-gwo0jidw uagb-infobox__content-wrap  uagb-infobox-icon-left-title uagb-infobox-left uagb-infobox-image-valign-top\"><div class=\"uagb-ifb-content\"><div class=\"uagb-ifb-left-title-image\"><div class=\"uagb-ifb-icon-wrap\"><svg xmlns=\"https:\/\/www.w3.org\/2000\/svg\" viewbox=\"0 0 384 512\"><path d=\"M168.3 499.2C116.1 435 0 279.4 0 192C0 85.96 85.96 0 192 0C298 0 384 85.96 384 192C384 279.4 267 435 215.7 499.2C203.4 514.5 180.6 514.5 168.3 499.2H168.3zM192 256C227.3 256 256 227.3 256 192C256 156.7 227.3 128 192 128C156.7 128 128 156.7 128 192C128 227.3 156.7 256 192 256z\"><\/path><\/svg><\/div><div class=\"uagb-ifb-title-wrap\"><p class=\"uagb-ifb-title\">Dr. Esat I\u015f\u0131k Cad. No:99 34710 Kad\u0131k\u00f6y, \u0130stanbul, T\u00fcrkiye<\/p><\/div><\/div><\/div><\/div>\n\n\n\n<div class=\"wp-block-uagb-info-box uagb-block-9xxw47ka uagb-infobox__content-wrap  uagb-infobox-icon-left-title uagb-infobox-left uagb-infobox-image-valign-top\"><div class=\"uagb-ifb-content\"><div class=\"uagb-ifb-left-title-image\"><div class=\"uagb-ifb-icon-wrap\"><svg xmlns=\"https:\/\/www.w3.org\/2000\/svg\" viewbox=\"0 0 512 512\"><path d=\"M511.2 387l-23.25 100.8c-3.266 14.25-15.79 24.22-30.46 24.22C205.2 512 0 306.8 0 54.5c0-14.66 9.969-27.2 24.22-30.45l100.8-23.25C139.7-2.602 154.7 5.018 160.8 18.92l46.52 108.5c5.438 12.78 1.77 27.67-8.98 36.45L144.5 207.1c33.98 69.22 90.26 125.5 159.5 159.5l44.08-53.8c8.688-10.78 23.69-14.51 36.47-8.975l108.5 46.51C506.1 357.2 514.6 372.4 511.2 387z\"><\/path><\/svg><\/div><div class=\"uagb-ifb-title-wrap\"><p class=\"uagb-ifb-title\">0216 338 61 94<\/p><\/div><\/div><\/div><\/div>\n\n\n\n<div class=\"wp-block-uagb-info-box uagb-block-6udyfxyu uagb-infobox__content-wrap  uagb-infobox-icon-left-title uagb-infobox-left uagb-infobox-image-valign-top\"><div class=\"uagb-ifb-content\"><div class=\"uagb-ifb-left-title-image\"><div class=\"uagb-ifb-icon-wrap\"><svg xmlns=\"https:\/\/www.w3.org\/2000\/svg\" viewbox=\"0 0 512 512\"><path d=\"M464 64C490.5 64 512 85.49 512 112C512 127.1 504.9 141.3 492.8 150.4L275.2 313.6C263.8 322.1 248.2 322.1 236.8 313.6L19.2 150.4C7.113 141.3 0 127.1 0 112C0 85.49 21.49 64 48 64H464zM217.6 339.2C240.4 356.3 271.6 356.3 294.4 339.2L512 176V384C512 419.3 483.3 448 448 448H64C28.65 448 0 419.3 0 384V176L217.6 339.2z\"><\/path><\/svg><\/div><div class=\"uagb-ifb-title-wrap\"><p class=\"uagb-ifb-title\">info@horasandental.com<\/p><\/div><\/div><\/div><\/div>\n<\/div>\n\n\n\n<div class=\"wp-block-uagb-container uagb-block-juszk9zo\">\t\t\t<div \n\t\t\tclass=\"wp-block-uagb-google-map uagb-google-map__wrap uagb-block-tjuy0uu0     \"\n\t\t\tstyle=\"\" >\n\t\t\t\t<embed\n\t\t\t\t\tclass=\"uagb-google-map__iframe\"\n\t\t\t\t\ttitle=\"Google Map for \"\n\t\t\t\t\tsrc=\"https:\/\/maps.google.com\/maps?q=Horasan%20Dental%20Clinic.%20Dr.%20Esat%20I%C5%9F%C4%B1k%20Cad.%20No%3A99%2034710%20Kad%C4%B1k%C3%B6y&#038;z=16&#038;hl=en&#038;t=m&#038;output=embed&#038;iwloc=near\"\n\t\t\t\t\twidth=\"640\"\n\t\t\t\t\theight=\"400\"\n\t\t\t\t\tloading=\"lazy\"\n\t\t\t\t><\/embed>\n\t\t\t<\/div>\n\t\t\t<\/div>\n<\/div>\n\n\n\n<div class=\"wp-block-uagb-container uagb-block-jet0swtn\">\n<div class=\"wp-block-uagb-info-box uagb-block-vgidcwsm uagb-infobox__content-wrap  uagb-infobox-icon-above-title uagb-infobox-image-valign-top\"><div class=\"uagb-ifb-content\"><div class=\"uagb-ifb-title-wrap\"><h3 class=\"uagb-ifb-title\">Bize Ula\u015f\u0131n!<\/h3><\/div><p class=\"uagb-ifb-desc\">Ekibimizden fiyat bilgisi ile birlikte \u00fccretsiz dan\u0131\u015fmanl\u0131k i\u00e7in r\u00f6ntgen filminizi bize g\u00f6nderin.<\/p><\/div><\/div>\n\n\n\n<div class=\"wpcf7 no-js\" id=\"wpcf7-f8024-o1\" lang=\"tr-TR\" dir=\"ltr\">\n<div class=\"screen-reader-response\"><p role=\"status\" aria-live=\"polite\" aria-atomic=\"true\"><\/p> <ul><\/ul><\/div>\n<form action=\"\/tr\/wp-json\/wp\/v2\/pages\/7950#wpcf7-f8024-o1\" method=\"post\" class=\"wpcf7-form init\" aria-label=\"\u0130leti\u015fim Formu\" enctype=\"multipart\/form-data\" novalidate=\"novalidate\" data-status=\"init\">\n<div style=\"display: none;\">\n<input type=\"hidden\" name=\"_wpcf7\" value=\"8024\" \/>\n<input type=\"hidden\" name=\"_wpcf7_version\" value=\"5.9.8\" \/>\n<input type=\"hidden\" name=\"_wpcf7_locale\" value=\"tr_TR\" \/>\n<input type=\"hidden\" name=\"_wpcf7_unit_tag\" value=\"wpcf7-f8024-o1\" \/>\n<input type=\"hidden\" name=\"_wpcf7_container_post\" value=\"0\" \/>\n<input type=\"hidden\" name=\"_wpcf7_posted_data_hash\" value=\"\" \/>\n<\/div>\n<p><label> \u0130sim Soyisim<br \/>\n<span class=\"wpcf7-form-control-wrap\" data-name=\"your-name\"><input size=\"40\" maxlength=\"400\" class=\"wpcf7-form-control wpcf7-text wpcf7-validates-as-required\" autocomplete=\"name\" aria-required=\"true\" aria-invalid=\"false\" value=\"\" type=\"text\" name=\"your-name\" \/><\/span> <\/label>\n<\/p>\n<p><label> E-posta<br \/>\n<span class=\"wpcf7-form-control-wrap\" data-name=\"your-email\"><input size=\"40\" maxlength=\"400\" class=\"wpcf7-form-control wpcf7-email wpcf7-validates-as-required wpcf7-text wpcf7-validates-as-email\" autocomplete=\"email\" aria-required=\"true\" aria-invalid=\"false\" value=\"\" type=\"email\" name=\"your-email\" \/><\/span> <\/label>\n<\/p>\n<p><label> \u00dclke<br \/>\n<span class=\"wpcf7-form-control-wrap\" data-name=\"your-country\"><input size=\"40\" maxlength=\"400\" class=\"wpcf7-form-control wpcf7-text\" aria-invalid=\"false\" value=\"\" type=\"text\" name=\"your-country\" \/><\/span> <\/label>\n<\/p>\n<p><label> Konu<br \/>\n<span class=\"wpcf7-form-control-wrap\" data-name=\"your-subject\"><input size=\"40\" maxlength=\"400\" class=\"wpcf7-form-control wpcf7-text wpcf7-validates-as-required\" aria-required=\"true\" aria-invalid=\"false\" value=\"\" type=\"text\" name=\"your-subject\" \/><\/span> <\/label>\n<\/p>\n<p><label> Mesaj\u0131n\u0131z<br \/>\n<span class=\"wpcf7-form-control-wrap\" data-name=\"your-message\"><textarea cols=\"40\" rows=\"2\" maxlength=\"2000\" class=\"wpcf7-form-control wpcf7-textarea\" aria-invalid=\"false\" name=\"your-message\"><\/textarea><\/span> <\/label>\n<\/p>\n<p><label> <\/label>\n<\/p>\n<p><strong>Di\u015f R\u00f6ntgeni\/Tomografi\/A\u011f\u0131z \u0130\u00e7i Foto\u011fraf<\/strong>\n<\/p>\n<p><span class=\"wpcf7-form-control-wrap\" data-name=\"your-file\"><input size=\"40\" class=\"wpcf7-form-control wpcf7-file\" accept=\".jpg,.png,.pdf\" aria-invalid=\"false\" type=\"file\" name=\"your-file\" \/><\/span>\n<\/p>\n<p><input class=\"wpcf7-form-control wpcf7-submit has-spinner\" type=\"submit\" value=\"Sunmak\" \/>\n<\/p><div class=\"wpcf7-response-output\" aria-hidden=\"true\"><\/div>\n<\/form>\n<\/div>\n\n<\/div>\n<\/div><\/div>\n\n<div class=\"wp-block-uagb-container uagb-block-5f99aef5 alignfull uagb-is-root-container\"><div class=\"uagb-container-inner-blocks-wrap\">\n<div class=\"wp-block-uagb-container uagb-block-ab828969\">\n<section class=\"wp-block-uagb-columns uagb-columns__wrap uagb-columns__background-none uagb-columns__stack-mobile uagb-columns__valign- uagb-columns__gap-10 align uagb-block-8914ace8 uagb-columns__columns-3 uagb-columns__max_width-theme\"><div class=\"uagb-columns__overlay\"><\/div><div class=\"uagb-columns__inner-wrap uagb-columns__columns-3\">\n<div class=\"wp-block-uagb-column uagb-column__wrap uagb-column__background-undefined uagb-block-49a30691\"><div class=\"uagb-column__overlay\"><\/div><\/div>\n\n\n\n<div class=\"wp-block-uagb-column uagb-column__wrap uagb-column__background-undefined uagb-block-46f6462c\"><div class=\"uagb-column__overlay\"><\/div>\n<div class=\"wp-block-uagb-separator uagb-block-07f1b33e is-style-wide\"><div class=\"wp-block-uagb-separator__inner\" style=\"--my-background-image:\"><\/div><\/div>\n\n\n\n<p><\/p>\n\n\n\n<h3 class=\"wp-block-heading has-text-align-center has-ast-global-color-5-color has-text-color has-link-color wp-elements-afd5329ccc7f9e1e5a864422ba1a41bb\" style=\"line-height:1.2\">Ekibimizden fiyat bilgisi ile birlikte \u00fccretsiz dan\u0131\u015fmanl\u0131k i\u00e7in r\u00f6ntgen filminizi bize g\u00f6nderin.<\/h3>\n\n\n\n<div class=\"wp-block-uagb-separator uagb-block-bf7897bd is-style-wide\"><div class=\"wp-block-uagb-separator__inner\" style=\"--my-background-image:\"><\/div><\/div>\n<\/div>\n\n\n\n<div class=\"wp-block-uagb-column uagb-column__wrap uagb-column__background-undefined uagb-block-b541c395\"><div class=\"uagb-column__overlay\"><\/div><\/div>\n<\/div><\/section>\n<\/div>\n<\/div><\/div>\n","protected":false},"excerpt":{"rendered":"<p>\u0130leti\u015fim &#8211; Horasan A\u011f\u0131z Ve Di\u015f Sa\u011fl\u0131\u011f\u0131 Poliklini\u011fi G\u00fcl\u00fc\u015f\u00fcn\u00fcz\u00fcn g\u00fcvenilir orta\u011f\u0131! Ekibimizden fiyat bilgisi ile birlikte \u00fccretsiz dan\u0131\u015fmanl\u0131k i\u00e7in r\u00f6ntgen filminizi bize g\u00f6nderin.<\/p>\n","protected":false},"author":2,"featured_media":0,"parent":0,"menu_order":0,"comment_status":"closed","ping_status":"closed","template":"","meta":{"_uag_custom_page_level_css":"","site-sidebar-layout":"default","site-content-layout":"","ast-site-content-layout":"default","site-content-style":"default","site-sidebar-style":"default","ast-global-header-display":"","ast-banner-title-visibility":"","ast-main-header-display":"","ast-hfb-above-header-display":"","ast-hfb-below-header-display":"","ast-hfb-mobile-header-display":"","site-post-title":"disabled","ast-breadcrumbs-content":"","ast-featured-img":"disabled","footer-sml-layout":"","ast-disable-related-posts":"","theme-transparent-header-meta":"","adv-header-id-meta":"","stick-header-meta":"","header-above-stick-meta":"","header-main-stick-meta":"","header-below-stick-meta":"","astra-migrate-meta-layouts":"default","ast-page-background-enabled":"default","ast-page-background-meta":{"desktop":{"background-color":"","background-image":"","background-repeat":"repeat","background-position":"center center","background-size":"auto","background-attachment":"scroll","background-type":"","background-media":"","overlay-type":"","overlay-color":"","overlay-opacity":"","overlay-gradient":""},"tablet":{"background-color":"","background-image":"","background-repeat":"repeat","background-position":"center center","background-size":"auto","background-attachment":"scroll","background-type":"","background-media":"","overlay-type":"","overlay-color":"","overlay-opacity":"","overlay-gradient":""},"mobile":{"background-color":"","background-image":"","background-repeat":"repeat","background-position":"center center","background-size":"auto","background-attachment":"scroll","background-type":"","background-media":"","overlay-type":"","overlay-color":"","overlay-opacity":"","overlay-gradient":""}},"ast-content-background-meta":{"desktop":{"background-color":"var(--ast-global-color-5)","background-image":"","background-repeat":"repeat","background-position":"center center","background-size":"auto","background-attachment":"scroll","background-type":"","background-media":"","overlay-type":"","overlay-color":"","overlay-opacity":"","overlay-gradient":""},"tablet":{"background-color":"var(--ast-global-color-5)","background-image":"","background-repeat":"repeat","background-position":"center center","background-size":"auto","background-attachment":"scroll","background-type":"","background-media":"","overlay-type":"","overlay-color":"","overlay-opacity":"","overlay-gradient":""},"mobile":{"background-color":"var(--ast-global-color-5)","background-image":"","background-repeat":"repeat","background-position":"center center","background-size":"auto","background-attachment":"scroll","background-type":"","background-media":"","overlay-type":"","overlay-color":"","overlay-opacity":"","overlay-gradient":""}},"footnotes":""},"yoast_head":"<!-- This site is optimized with the Yoast SEO plugin v24.5 - https:\/\/yoast.com\/wordpress\/plugins\/seo\/ -->\n<title>\u0130leti\u015fim<\/title>\n<meta name=\"description\" content=\"Horasan Di\u015f Klini\u011fi, \u0130stanbul, T\u00fcrkiye ile ileti\u015fime ge\u00e7in. Ekibimizden fiyat bilgisi ile birlikte \u00fccretsiz dan\u0131\u015fmanl\u0131k i\u00e7in r\u00f6ntgen filminizi bize g\u00f6nderin.\" \/>\n<meta name=\"robots\" content=\"index, follow, max-snippet:-1, max-image-preview:large, max-video-preview:-1\" \/>\n<link rel=\"canonical\" href=\"https:\/\/www.horasan.dental\/tr\/iletisim\/\" \/>\n<meta property=\"og:locale\" content=\"tr_TR\" \/>\n<meta property=\"og:type\" content=\"article\" \/>\n<meta property=\"og:title\" content=\"\u0130leti\u015fim\" \/>\n<meta property=\"og:description\" content=\"Horasan Di\u015f Klini\u011fi, \u0130stanbul, T\u00fcrkiye ile ileti\u015fime ge\u00e7in. Ekibimizden fiyat bilgisi ile birlikte \u00fccretsiz dan\u0131\u015fmanl\u0131k i\u00e7in r\u00f6ntgen filminizi bize g\u00f6nderin.\" \/>\n<meta property=\"og:url\" content=\"https:\/\/www.horasan.dental\/tr\/iletisim\/\" \/>\n<meta property=\"og:site_name\" content=\"Horasan Dental\" \/>\n<meta property=\"article:modified_time\" content=\"2025-01-31T13:19:00+00:00\" \/>\n<meta property=\"og:image\" content=\"https:\/\/www.horasan.dental\/wp-content\/uploads\/2025\/01\/TEMP-01.jpg\" \/>\n\t<meta property=\"og:image:width\" content=\"1221\" \/>\n\t<meta property=\"og:image:height\" content=\"1474\" \/>\n\t<meta property=\"og:image:type\" content=\"image\/jpeg\" \/>\n<meta name=\"twitter:card\" content=\"summary_large_image\" \/>\n<script type=\"application\/ld+json\" class=\"yoast-schema-graph\">{\"@context\":\"https:\/\/schema.org\",\"@graph\":[{\"@type\":\"WebPage\",\"@id\":\"https:\/\/www.horasan.dental\/tr\/iletisim\/\",\"url\":\"https:\/\/www.horasan.dental\/tr\/iletisim\/\",\"name\":\"\u0130leti\u015fim\",\"isPartOf\":{\"@id\":\"https:\/\/www.horasan.dental\/tr\/#website\"},\"datePublished\":\"2024-02-16T14:23:47+00:00\",\"dateModified\":\"2025-01-31T13:19:00+00:00\",\"description\":\"Horasan Di\u015f Klini\u011fi, \u0130stanbul, T\u00fcrkiye ile ileti\u015fime ge\u00e7in. Ekibimizden fiyat bilgisi ile birlikte \u00fccretsiz dan\u0131\u015fmanl\u0131k i\u00e7in r\u00f6ntgen filminizi bize g\u00f6nderin.\",\"breadcrumb\":{\"@id\":\"https:\/\/www.horasan.dental\/tr\/iletisim\/#breadcrumb\"},\"inLanguage\":\"tr\",\"potentialAction\":[{\"@type\":\"ReadAction\",\"target\":[\"https:\/\/www.horasan.dental\/tr\/iletisim\/\"]}]},{\"@type\":\"BreadcrumbList\",\"@id\":\"https:\/\/www.horasan.dental\/tr\/iletisim\/#breadcrumb\",\"itemListElement\":[{\"@type\":\"ListItem\",\"position\":1,\"name\":\"Home\",\"item\":\"https:\/\/www.horasan.dental\/tr\/\"},{\"@type\":\"ListItem\",\"position\":2,\"name\":\"\u0130leti\u015fim\"}]},{\"@type\":\"WebSite\",\"@id\":\"https:\/\/www.horasan.dental\/tr\/#website\",\"url\":\"https:\/\/www.horasan.dental\/tr\/\",\"name\":\"Horasan Dental\",\"description\":\"Experience Meets Expertise\",\"publisher\":{\"@id\":\"https:\/\/www.horasan.dental\/tr\/#organization\"},\"potentialAction\":[{\"@type\":\"SearchAction\",\"target\":{\"@type\":\"EntryPoint\",\"urlTemplate\":\"https:\/\/www.horasan.dental\/tr\/?s={search_term_string}\"},\"query-input\":{\"@type\":\"PropertyValueSpecification\",\"valueRequired\":true,\"valueName\":\"search_term_string\"}}],\"inLanguage\":\"tr\"},{\"@type\":\"Organization\",\"@id\":\"https:\/\/www.horasan.dental\/tr\/#organization\",\"name\":\"Horasan Dental\",\"url\":\"https:\/\/www.horasan.dental\/tr\/\",\"logo\":{\"@type\":\"ImageObject\",\"inLanguage\":\"tr\",\"@id\":\"https:\/\/www.horasan.dental\/tr\/#\/schema\/logo\/image\/\",\"url\":\"https:\/\/www.horasan.dental\/wp-content\/uploads\/2024\/02\/cropped-Logo-transparent.png\",\"contentUrl\":\"https:\/\/www.horasan.dental\/wp-content\/uploads\/2024\/02\/cropped-Logo-transparent.png\",\"width\":851,\"height\":284,\"caption\":\"Horasan Dental\"},\"image\":{\"@id\":\"https:\/\/www.horasan.dental\/tr\/#\/schema\/logo\/image\/\"}}]}<\/script>\n<!-- \/ Yoast SEO plugin. -->","yoast_head_json":{"title":"\u0130leti\u015fim","description":"Horasan Di\u015f Klini\u011fi, \u0130stanbul, T\u00fcrkiye ile ileti\u015fime ge\u00e7in. Ekibimizden fiyat bilgisi ile birlikte \u00fccretsiz dan\u0131\u015fmanl\u0131k i\u00e7in r\u00f6ntgen filminizi bize g\u00f6nderin.","robots":{"index":"index","follow":"follow","max-snippet":"max-snippet:-1","max-image-preview":"max-image-preview:large","max-video-preview":"max-video-preview:-1"},"canonical":"https:\/\/www.horasan.dental\/tr\/iletisim\/","og_locale":"tr_TR","og_type":"article","og_title":"\u0130leti\u015fim","og_description":"Horasan Di\u015f Klini\u011fi, \u0130stanbul, T\u00fcrkiye ile ileti\u015fime ge\u00e7in. Ekibimizden fiyat bilgisi ile birlikte \u00fccretsiz dan\u0131\u015fmanl\u0131k i\u00e7in r\u00f6ntgen filminizi bize g\u00f6nderin.","og_url":"https:\/\/www.horasan.dental\/tr\/iletisim\/","og_site_name":"Horasan Dental","article_modified_time":"2025-01-31T13:19:00+00:00","og_image":[{"width":1221,"height":1474,"url":"https:\/\/www.horasan.dental\/wp-content\/uploads\/2025\/01\/TEMP-01.jpg","type":"image\/jpeg"}],"twitter_card":"summary_large_image","schema":{"@context":"https:\/\/schema.org","@graph":[{"@type":"WebPage","@id":"https:\/\/www.horasan.dental\/tr\/iletisim\/","url":"https:\/\/www.horasan.dental\/tr\/iletisim\/","name":"\u0130leti\u015fim","isPartOf":{"@id":"https:\/\/www.horasan.dental\/tr\/#website"},"datePublished":"2024-02-16T14:23:47+00:00","dateModified":"2025-01-31T13:19:00+00:00","description":"Horasan Di\u015f Klini\u011fi, \u0130stanbul, T\u00fcrkiye ile ileti\u015fime ge\u00e7in. Ekibimizden fiyat bilgisi ile birlikte \u00fccretsiz dan\u0131\u015fmanl\u0131k i\u00e7in r\u00f6ntgen filminizi bize g\u00f6nderin.","breadcrumb":{"@id":"https:\/\/www.horasan.dental\/tr\/iletisim\/#breadcrumb"},"inLanguage":"tr","potentialAction":[{"@type":"ReadAction","target":["https:\/\/www.horasan.dental\/tr\/iletisim\/"]}]},{"@type":"BreadcrumbList","@id":"https:\/\/www.horasan.dental\/tr\/iletisim\/#breadcrumb","itemListElement":[{"@type":"ListItem","position":1,"name":"Home","item":"https:\/\/www.horasan.dental\/tr\/"},{"@type":"ListItem","position":2,"name":"\u0130leti\u015fim"}]},{"@type":"WebSite","@id":"https:\/\/www.horasan.dental\/tr\/#website","url":"https:\/\/www.horasan.dental\/tr\/","name":"Horasan Dental","description":"Experience Meets Expertise","publisher":{"@id":"https:\/\/www.horasan.dental\/tr\/#organization"},"potentialAction":[{"@type":"SearchAction","target":{"@type":"EntryPoint","urlTemplate":"https:\/\/www.horasan.dental\/tr\/?s={search_term_string}"},"query-input":{"@type":"PropertyValueSpecification","valueRequired":true,"valueName":"search_term_string"}}],"inLanguage":"tr"},{"@type":"Organization","@id":"https:\/\/www.horasan.dental\/tr\/#organization","name":"Horasan Dental","url":"https:\/\/www.horasan.dental\/tr\/","logo":{"@type":"ImageObject","inLanguage":"tr","@id":"https:\/\/www.horasan.dental\/tr\/#\/schema\/logo\/image\/","url":"https:\/\/www.horasan.dental\/wp-content\/uploads\/2024\/02\/cropped-Logo-transparent.png","contentUrl":"https:\/\/www.horasan.dental\/wp-content\/uploads\/2024\/02\/cropped-Logo-transparent.png","width":851,"height":284,"caption":"Horasan Dental"},"image":{"@id":"https:\/\/www.horasan.dental\/tr\/#\/schema\/logo\/image\/"}}]}},"uagb_featured_image_src":{"full":false,"thumbnail":false,"medium":false,"medium_large":false,"large":false,"1536x1536":false,"2048x2048":false},"uagb_author_info":{"display_name":"Lana Chmilenko","author_link":"https:\/\/www.horasan.dental\/tr\/author\/lana\/"},"uagb_comment_info":0,"uagb_excerpt":"\u0130leti\u015fim &#8211; Horasan A\u011f\u0131z Ve Di\u015f Sa\u011fl\u0131\u011f\u0131 Poliklini\u011fi G\u00fcl\u00fc\u015f\u00fcn\u00fcz\u00fcn g\u00fcvenilir orta\u011f\u0131! Ekibimizden fiyat bilgisi ile birlikte \u00fccretsiz dan\u0131\u015fmanl\u0131k i\u00e7in r\u00f6ntgen filminizi bize g\u00f6nderin.","_links":{"self":[{"href":"https:\/\/www.horasan.dental\/tr\/wp-json\/wp\/v2\/pages\/7950"}],"collection":[{"href":"https:\/\/www.horasan.dental\/tr\/wp-json\/wp\/v2\/pages"}],"about":[{"href":"https:\/\/www.horasan.dental\/tr\/wp-json\/wp\/v2\/types\/page"}],"author":[{"embeddable":true,"href":"https:\/\/www.horasan.dental\/tr\/wp-json\/wp\/v2\/users\/2"}],"replies":[{"embeddable":true,"href":"https:\/\/www.horasan.dental\/tr\/wp-json\/wp\/v2\/comments?post=7950"}],"version-history":[{"count":4,"href":"https:\/\/www.horasan.dental\/tr\/wp-json\/wp\/v2\/pages\/7950\/revisions"}],"predecessor-version":[{"id":8153,"href":"https:\/\/www.horasan.dental\/tr\/wp-json\/wp\/v2\/pages\/7950\/revisions\/8153"}],"wp:attachment":[{"href":"https:\/\/www.horasan.dental\/tr\/wp-json\/wp\/v2\/media?parent=7950"}],"curies":[{"name":"wp","href":"https:\/\/api.w.org\/{rel}","templated":true}]}}