{"id":8230,"date":"2024-02-16T14:23:47","date_gmt":"2024-02-16T14:23:47","guid":{"rendered":"https:\/\/www.horasan.dental\/contactez-nous\/"},"modified":"2025-01-31T13:19:00","modified_gmt":"2025-01-31T13:19:00","slug":"contactez-nous","status":"publish","type":"page","link":"https:\/\/www.horasan.dental\/fr\/contactez-nous\/","title":{"rendered":"Contactez nous"},"content":{"rendered":"\n<div class=\"wp-block-uagb-container uagb-block-b3fd5149 alignfull uagb-is-root-container\"><div class=\"uagb-container-inner-blocks-wrap\">\n<section class=\"wp-block-uagb-columns uagb-columns__wrap uagb-columns__background-none uagb-columns__stack-mobile uagb-columns__valign-bottom uagb-columns__gap-10 align uagb-block-35810341 uagb-columns__columns-2 uagb-columns__max_width-theme\"><div class=\"uagb-columns__overlay\"><\/div><div class=\"uagb-columns__inner-wrap uagb-columns__columns-2\">\n<div class=\"wp-block-uagb-column uagb-column__wrap uagb-column__background-color uagb-block-2fecb3c7\"><div class=\"uagb-column__overlay\"><\/div>\n<p><\/p>\n\n\n\n<p class=\"has-text-align-center has-ast-global-color-5-color has-text-color has-link-color wp-elements-7acbb644a76df0c894c491e852467470\" style=\"padding-top:0px;padding-bottom:0px\">Contactez-nous &#8211; Horasan Dental Clinic<\/p>\n\n\n\n<h2 class=\"wp-block-heading has-text-align-center has-ast-global-color-5-color has-text-color has-link-color wp-elements-f94648e67d8eb0359720ce4856e8fc21\" style=\"padding-right:var(--wp--preset--spacing--30);padding-left:var(--wp--preset--spacing--30);line-height:1.1\">Une expertise dentaire fiable : Votre partenaire de confiance pour le sourire<\/h2>\n\n\n\n<div class=\"wp-block-uagb-separator uagb-block-3ab2e1dc\"><div class=\"wp-block-uagb-separator__inner\" style=\"--my-background-image:\"><\/div><\/div>\n<\/div>\n\n\n\n<div class=\"wp-block-uagb-column uagb-column__wrap uagb-column__background-undefined uagb-block-54871d09\"><div class=\"uagb-column__overlay\"><\/div><\/div>\n<\/div><\/section>\n<\/div><\/div>\n\n<div class=\"wp-block-uagb-container uagb-block-cldgfsby alignfull uagb-is-root-container\"><div class=\"uagb-container-inner-blocks-wrap\">\n<div class=\"wp-block-uagb-container uagb-block-ghmohj8y\">\n<div class=\"wp-block-uagb-info-box uagb-block-9sa8dx1o uagb-infobox__content-wrap  uagb-infobox-icon-above-title uagb-infobox-image-valign-top wp-block-uagb-info-box--has-margin\"><div class=\"uagb-infobox-margin-wrapper\"><div class=\"uagb-ifb-content\"><div class=\"uagb-ifb-title-wrap\"><h2 class=\"uagb-ifb-title\">Prenez contact<\/h2><\/div><p class=\"uagb-ifb-desc\"><mark style=\"background-color:rgba(0, 0, 0, 0)\" class=\"has-inline-color has-ast-global-color-0-color\"><strong>Clinique dentaire Horasan<\/strong><\/mark><\/p><\/div><\/div><\/div>\n\n\n\n<div class=\"wp-block-uagb-container uagb-block-wrygcgxc\">\n<div class=\"wp-block-uagb-info-box uagb-block-gwo0jidw uagb-infobox__content-wrap  uagb-infobox-icon-left-title uagb-infobox-left uagb-infobox-image-valign-top\"><div class=\"uagb-ifb-content\"><div class=\"uagb-ifb-left-title-image\"><div class=\"uagb-ifb-icon-wrap\"><svg xmlns=\"https:\/\/www.w3.org\/2000\/svg\" viewbox=\"0 0 384 512\"><path d=\"M168.3 499.2C116.1 435 0 279.4 0 192C0 85.96 85.96 0 192 0C298 0 384 85.96 384 192C384 279.4 267 435 215.7 499.2C203.4 514.5 180.6 514.5 168.3 499.2H168.3zM192 256C227.3 256 256 227.3 256 192C256 156.7 227.3 128 192 128C156.7 128 128 156.7 128 192C128 227.3 156.7 256 192 256z\"><\/path><\/svg><\/div><div class=\"uagb-ifb-title-wrap\"><p class=\"uagb-ifb-title\">Dr. Esat I\u015f\u0131k Cad. No:99 34710 Kad\u0131k\u00f6y, Istanbul, Turquie <\/p><\/div><\/div><\/div><\/div>\n\n\n\n<div class=\"wp-block-uagb-info-box uagb-block-9xxw47ka uagb-infobox__content-wrap  uagb-infobox-icon-left-title uagb-infobox-left uagb-infobox-image-valign-top\"><div class=\"uagb-ifb-content\"><div class=\"uagb-ifb-left-title-image\"><div class=\"uagb-ifb-icon-wrap\"><svg xmlns=\"https:\/\/www.w3.org\/2000\/svg\" viewbox=\"0 0 512 512\"><path d=\"M511.2 387l-23.25 100.8c-3.266 14.25-15.79 24.22-30.46 24.22C205.2 512 0 306.8 0 54.5c0-14.66 9.969-27.2 24.22-30.45l100.8-23.25C139.7-2.602 154.7 5.018 160.8 18.92l46.52 108.5c5.438 12.78 1.77 27.67-8.98 36.45L144.5 207.1c33.98 69.22 90.26 125.5 159.5 159.5l44.08-53.8c8.688-10.78 23.69-14.51 36.47-8.975l108.5 46.51C506.1 357.2 514.6 372.4 511.2 387z\"><\/path><\/svg><\/div><div class=\"uagb-ifb-title-wrap\"><p class=\"uagb-ifb-title\">0216 338 61 94<\/p><\/div><\/div><\/div><\/div>\n\n\n\n<div class=\"wp-block-uagb-info-box uagb-block-6udyfxyu uagb-infobox__content-wrap  uagb-infobox-icon-left-title uagb-infobox-left uagb-infobox-image-valign-top\"><div class=\"uagb-ifb-content\"><div class=\"uagb-ifb-left-title-image\"><div class=\"uagb-ifb-icon-wrap\"><svg xmlns=\"https:\/\/www.w3.org\/2000\/svg\" viewbox=\"0 0 512 512\"><path d=\"M464 64C490.5 64 512 85.49 512 112C512 127.1 504.9 141.3 492.8 150.4L275.2 313.6C263.8 322.1 248.2 322.1 236.8 313.6L19.2 150.4C7.113 141.3 0 127.1 0 112C0 85.49 21.49 64 48 64H464zM217.6 339.2C240.4 356.3 271.6 356.3 294.4 339.2L512 176V384C512 419.3 483.3 448 448 448H64C28.65 448 0 419.3 0 384V176L217.6 339.2z\"><\/path><\/svg><\/div><div class=\"uagb-ifb-title-wrap\"><p class=\"uagb-ifb-title\">info@horasandental.com<\/p><\/div><\/div><\/div><\/div>\n<\/div>\n\n\n\n<div class=\"wp-block-uagb-container uagb-block-juszk9zo\">\t\t\t<div \n\t\t\tclass=\"wp-block-uagb-google-map uagb-google-map__wrap uagb-block-tjuy0uu0     \"\n\t\t\tstyle=\"\" >\n\t\t\t\t<embed\n\t\t\t\t\tclass=\"uagb-google-map__iframe\"\n\t\t\t\t\ttitle=\"Carte Google pour \"\n\t\t\t\t\tsrc=\"https:\/\/maps.google.com\/maps?q=Horasan%20Dental%20Clinic.%20Dr.%20Esat%20I%C5%9F%C4%B1k%20Cad.%20No%3A99%2034710%20Kad%C4%B1k%C3%B6y&#038;z=16&#038;hl=en&#038;t=m&#038;output=embed&#038;iwloc=near\"\n\t\t\t\t\twidth=\"640\"\n\t\t\t\t\theight=\"400\"\n\t\t\t\t\tloading=\"lazy\"\n\t\t\t\t><\/embed>\n\t\t\t<\/div>\n\t\t\t<\/div>\n<\/div>\n\n\n\n<div class=\"wp-block-uagb-container uagb-block-jet0swtn\">\n<div class=\"wp-block-uagb-info-box uagb-block-vgidcwsm uagb-infobox__content-wrap  uagb-infobox-icon-above-title uagb-infobox-image-valign-top\"><div class=\"uagb-ifb-content\"><div class=\"uagb-ifb-title-wrap\"><h3 class=\"uagb-ifb-title\">Nous aimerions avoir de vos nouvelles<\/h3><\/div><p class=\"uagb-ifb-desc\">Nous nous ferons un plaisir de r\u00e9pondre \u00e0 vos questions.<\/p><\/div><\/div>\n\n\n\n<div class=\"wpcf7 no-js\" id=\"wpcf7-f8245-o1\" lang=\"fr-FR\" dir=\"ltr\">\n<div class=\"screen-reader-response\"><p role=\"status\" aria-live=\"polite\" aria-atomic=\"true\"><\/p> <ul><\/ul><\/div>\n<form action=\"\/fr\/wp-json\/wp\/v2\/pages\/8230#wpcf7-f8245-o1\" method=\"post\" class=\"wpcf7-form init\" aria-label=\"Formulaire de contact\" enctype=\"multipart\/form-data\" novalidate=\"novalidate\" data-status=\"init\">\n<div style=\"display: none;\">\n<input type=\"hidden\" name=\"_wpcf7\" value=\"8245\" \/>\n<input type=\"hidden\" name=\"_wpcf7_version\" value=\"5.9.8\" \/>\n<input type=\"hidden\" name=\"_wpcf7_locale\" value=\"fr_FR\" \/>\n<input type=\"hidden\" name=\"_wpcf7_unit_tag\" value=\"wpcf7-f8245-o1\" \/>\n<input type=\"hidden\" name=\"_wpcf7_container_post\" value=\"0\" \/>\n<input type=\"hidden\" name=\"_wpcf7_posted_data_hash\" value=\"\" \/>\n<\/div>\n<p><label> Nom Nom de famille<br \/>\n<span class=\"wpcf7-form-control-wrap\" data-name=\"your-name\"><input size=\"40\" maxlength=\"400\" class=\"wpcf7-form-control wpcf7-text wpcf7-validates-as-required\" autocomplete=\"name\" aria-required=\"true\" aria-invalid=\"false\" value=\"\" type=\"text\" name=\"your-name\" \/><\/span> <\/label>\n<\/p>\n<p><label> Courrier \u00e9lectronique<br \/>\n<span class=\"wpcf7-form-control-wrap\" data-name=\"your-email\"><input size=\"40\" maxlength=\"400\" class=\"wpcf7-form-control wpcf7-email wpcf7-validates-as-required wpcf7-text wpcf7-validates-as-email\" autocomplete=\"email\" aria-required=\"true\" aria-invalid=\"false\" value=\"\" type=\"email\" name=\"your-email\" \/><\/span> <\/label>\n<\/p>\n<p><label> Pays<br \/>\n<span class=\"wpcf7-form-control-wrap\" data-name=\"your-country\"><input size=\"40\" maxlength=\"400\" class=\"wpcf7-form-control wpcf7-text\" aria-invalid=\"false\" value=\"\" type=\"text\" name=\"your-country\" \/><\/span> <\/label>\n<\/p>\n<p><label> Sujet<br \/>\n<span class=\"wpcf7-form-control-wrap\" data-name=\"your-subject\"><input size=\"40\" maxlength=\"400\" class=\"wpcf7-form-control wpcf7-text wpcf7-validates-as-required\" aria-required=\"true\" aria-invalid=\"false\" value=\"\" type=\"text\" name=\"your-subject\" \/><\/span> <\/label>\n<\/p>\n<p><label> Votre message<br \/>\n<span class=\"wpcf7-form-control-wrap\" data-name=\"your-message\"><textarea cols=\"40\" rows=\"2\" maxlength=\"2000\" class=\"wpcf7-form-control wpcf7-textarea\" aria-invalid=\"false\" name=\"your-message\"><\/textarea><\/span> <\/label>\n<\/p>\n<p><label> <\/label>\n<\/p>\n<p><strong>Radiographie dentaire\/Tomographie\/photo intrabuccale<\/strong>\n<\/p>\n<p><span class=\"wpcf7-form-control-wrap\" data-name=\"your-file\"><input size=\"40\" class=\"wpcf7-form-control wpcf7-file\" accept=\".jpg,.png,.pdf\" aria-invalid=\"false\" type=\"file\" name=\"your-file\" \/><\/span>\n<\/p>\n<p><input class=\"wpcf7-form-control wpcf7-submit has-spinner\" type=\"submit\" value=\"Submit\" \/>\n<\/p><div class=\"wpcf7-response-output\" aria-hidden=\"true\"><\/div>\n<\/form>\n<\/div>\n\n<\/div>\n<\/div><\/div>\n\n<div class=\"wp-block-uagb-container uagb-block-5f99aef5 alignfull uagb-is-root-container\"><div class=\"uagb-container-inner-blocks-wrap\">\n<div class=\"wp-block-uagb-container uagb-block-ab828969\">\n<section class=\"wp-block-uagb-columns uagb-columns__wrap uagb-columns__background-none uagb-columns__stack-mobile uagb-columns__valign- uagb-columns__gap-10 align uagb-block-8914ace8 uagb-columns__columns-3 uagb-columns__max_width-theme\"><div class=\"uagb-columns__overlay\"><\/div><div class=\"uagb-columns__inner-wrap uagb-columns__columns-3\">\n<div class=\"wp-block-uagb-column uagb-column__wrap uagb-column__background-undefined uagb-block-49a30691\"><div class=\"uagb-column__overlay\"><\/div><\/div>\n\n\n\n<div class=\"wp-block-uagb-column uagb-column__wrap uagb-column__background-undefined uagb-block-46f6462c\"><div class=\"uagb-column__overlay\"><\/div>\n<div class=\"wp-block-uagb-separator uagb-block-07f1b33e is-style-wide\"><div class=\"wp-block-uagb-separator__inner\" style=\"--my-background-image:\"><\/div><\/div>\n\n\n\n<p><\/p>\n\n\n\n<h3 class=\"wp-block-heading has-text-align-center has-ast-global-color-5-color has-text-color has-link-color wp-elements-d5f7240e34819c9bbaccdda9c3853f4c\" style=\"line-height:1.2\">Envoyez-nous votre radiographie pour une consultation gratuite, ainsi que des informations sur les tarifs pratiqu\u00e9s par notre \u00e9quipe.<\/h3>\n\n\n\n<div class=\"wp-block-uagb-separator uagb-block-bf7897bd is-style-wide\"><div class=\"wp-block-uagb-separator__inner\" style=\"--my-background-image:\"><\/div><\/div>\n<\/div>\n\n\n\n<div class=\"wp-block-uagb-column uagb-column__wrap uagb-column__background-undefined uagb-block-b541c395\"><div class=\"uagb-column__overlay\"><\/div><\/div>\n<\/div><\/section>\n<\/div>\n<\/div><\/div>\n","protected":false},"excerpt":{"rendered":"<p>Contactez-nous &#8211; Horasan Dental Clinic Une expertise dentaire fiable : Votre partenaire de confiance pour le sourire Envoyez-nous votre radiographie pour une consultation gratuite, ainsi que des informations sur les tarifs pratiqu\u00e9s par notre \u00e9quipe.<\/p>\n","protected":false},"author":2,"featured_media":8676,"parent":0,"menu_order":0,"comment_status":"closed","ping_status":"closed","template":"","meta":{"_uag_custom_page_level_css":"","site-sidebar-layout":"default","site-content-layout":"","ast-site-content-layout":"default","site-content-style":"default","site-sidebar-style":"default","ast-global-header-display":"","ast-banner-title-visibility":"","ast-main-header-display":"","ast-hfb-above-header-display":"","ast-hfb-below-header-display":"","ast-hfb-mobile-header-display":"","site-post-title":"disabled","ast-breadcrumbs-content":"","ast-featured-img":"disabled","footer-sml-layout":"","ast-disable-related-posts":"","theme-transparent-header-meta":"","adv-header-id-meta":"","stick-header-meta":"","header-above-stick-meta":"","header-main-stick-meta":"","header-below-stick-meta":"","astra-migrate-meta-layouts":"default","ast-page-background-enabled":"default","ast-page-background-meta":{"desktop":{"background-color":"","background-image":"","background-repeat":"repeat","background-position":"center center","background-size":"auto","background-attachment":"scroll","background-type":"","background-media":"","overlay-type":"","overlay-color":"","overlay-opacity":"","overlay-gradient":""},"tablet":{"background-color":"","background-image":"","background-repeat":"repeat","background-position":"center center","background-size":"auto","background-attachment":"scroll","background-type":"","background-media":"","overlay-type":"","overlay-color":"","overlay-opacity":"","overlay-gradient":""},"mobile":{"background-color":"","background-image":"","background-repeat":"repeat","background-position":"center center","background-size":"auto","background-attachment":"scroll","background-type":"","background-media":"","overlay-type":"","overlay-color":"","overlay-opacity":"","overlay-gradient":""}},"ast-content-background-meta":{"desktop":{"background-color":"var(--ast-global-color-5)","background-image":"","background-repeat":"repeat","background-position":"center center","background-size":"auto","background-attachment":"scroll","background-type":"","background-media":"","overlay-type":"","overlay-color":"","overlay-opacity":"","overlay-gradient":""},"tablet":{"background-color":"var(--ast-global-color-5)","background-image":"","background-repeat":"repeat","background-position":"center center","background-size":"auto","background-attachment":"scroll","background-type":"","background-media":"","overlay-type":"","overlay-color":"","overlay-opacity":"","overlay-gradient":""},"mobile":{"background-color":"var(--ast-global-color-5)","background-image":"","background-repeat":"repeat","background-position":"center center","background-size":"auto","background-attachment":"scroll","background-type":"","background-media":"","overlay-type":"","overlay-color":"","overlay-opacity":"","overlay-gradient":""}},"footnotes":""},"yoast_head":"<!-- This site is optimized with the Yoast SEO plugin v24.5 - https:\/\/yoast.com\/wordpress\/plugins\/seo\/ -->\n<title>Contactez nous<\/title>\n<meta name=\"description\" content=\"Contactez la clinique dentaire Horasan, Istanbul, Turquie. Envoyez-nous vos radiographies pour une consultation gratuite, ainsi que des informations sur les tarifs pratiqu\u00e9s par notre \u00e9quipe.\" \/>\n<meta name=\"robots\" content=\"index, follow, max-snippet:-1, max-image-preview:large, max-video-preview:-1\" \/>\n<link rel=\"canonical\" href=\"https:\/\/www.horasan.dental\/fr\/contactez-nous\/\" \/>\n<meta property=\"og:locale\" content=\"fr_FR\" \/>\n<meta property=\"og:type\" content=\"article\" \/>\n<meta property=\"og:title\" content=\"Contactez nous\" \/>\n<meta property=\"og:description\" content=\"Contactez la clinique dentaire Horasan, Istanbul, Turquie. Envoyez-nous vos radiographies pour une consultation gratuite, ainsi que des informations sur les tarifs pratiqu\u00e9s par notre \u00e9quipe.\" \/>\n<meta property=\"og:url\" content=\"https:\/\/www.horasan.dental\/fr\/contactez-nous\/\" \/>\n<meta property=\"og:site_name\" content=\"Horasan Dental\" \/>\n<meta property=\"article:modified_time\" content=\"2025-01-31T13:19:00+00:00\" \/>\n<meta property=\"og:image\" content=\"https:\/\/www.horasan.dental\/wp-content\/uploads\/2025\/01\/TEMP-01.jpg\" \/>\n\t<meta property=\"og:image:width\" content=\"1221\" \/>\n\t<meta property=\"og:image:height\" content=\"1474\" \/>\n\t<meta property=\"og:image:type\" content=\"image\/jpeg\" \/>\n<meta name=\"twitter:card\" content=\"summary_large_image\" \/>\n<script type=\"application\/ld+json\" class=\"yoast-schema-graph\">{\"@context\":\"https:\/\/schema.org\",\"@graph\":[{\"@type\":\"WebPage\",\"@id\":\"https:\/\/www.horasan.dental\/fr\/contactez-nous\/\",\"url\":\"https:\/\/www.horasan.dental\/fr\/contactez-nous\/\",\"name\":\"Contactez nous\",\"isPartOf\":{\"@id\":\"https:\/\/www.horasan.dental\/fr\/#website\"},\"primaryImageOfPage\":{\"@id\":\"https:\/\/www.horasan.dental\/fr\/contactez-nous\/#primaryimage\"},\"image\":{\"@id\":\"https:\/\/www.horasan.dental\/fr\/contactez-nous\/#primaryimage\"},\"thumbnailUrl\":\"https:\/\/www.horasan.dental\/wp-content\/uploads\/2025\/01\/TEMP-01.jpg\",\"datePublished\":\"2024-02-16T14:23:47+00:00\",\"dateModified\":\"2025-01-31T13:19:00+00:00\",\"description\":\"Contactez la clinique dentaire Horasan, Istanbul, Turquie. Envoyez-nous vos radiographies pour une consultation gratuite, ainsi que des informations sur les tarifs pratiqu\u00e9s par notre \u00e9quipe.\",\"breadcrumb\":{\"@id\":\"https:\/\/www.horasan.dental\/fr\/contactez-nous\/#breadcrumb\"},\"inLanguage\":\"fr-FR\",\"potentialAction\":[{\"@type\":\"ReadAction\",\"target\":[\"https:\/\/www.horasan.dental\/fr\/contactez-nous\/\"]}]},{\"@type\":\"ImageObject\",\"inLanguage\":\"fr-FR\",\"@id\":\"https:\/\/www.horasan.dental\/fr\/contactez-nous\/#primaryimage\",\"url\":\"https:\/\/www.horasan.dental\/wp-content\/uploads\/2025\/01\/TEMP-01.jpg\",\"contentUrl\":\"https:\/\/www.horasan.dental\/wp-content\/uploads\/2025\/01\/TEMP-01.jpg\",\"width\":1221,\"height\":1474},{\"@type\":\"BreadcrumbList\",\"@id\":\"https:\/\/www.horasan.dental\/fr\/contactez-nous\/#breadcrumb\",\"itemListElement\":[{\"@type\":\"ListItem\",\"position\":1,\"name\":\"Home\",\"item\":\"https:\/\/www.horasan.dental\/fr\/\"},{\"@type\":\"ListItem\",\"position\":2,\"name\":\"Contactez nous\"}]},{\"@type\":\"WebSite\",\"@id\":\"https:\/\/www.horasan.dental\/fr\/#website\",\"url\":\"https:\/\/www.horasan.dental\/fr\/\",\"name\":\"Horasan Dental\",\"description\":\"Experience Meets Expertise\",\"publisher\":{\"@id\":\"https:\/\/www.horasan.dental\/fr\/#organization\"},\"potentialAction\":[{\"@type\":\"SearchAction\",\"target\":{\"@type\":\"EntryPoint\",\"urlTemplate\":\"https:\/\/www.horasan.dental\/fr\/?s={search_term_string}\"},\"query-input\":{\"@type\":\"PropertyValueSpecification\",\"valueRequired\":true,\"valueName\":\"search_term_string\"}}],\"inLanguage\":\"fr-FR\"},{\"@type\":\"Organization\",\"@id\":\"https:\/\/www.horasan.dental\/fr\/#organization\",\"name\":\"Horasan Dental\",\"url\":\"https:\/\/www.horasan.dental\/fr\/\",\"logo\":{\"@type\":\"ImageObject\",\"inLanguage\":\"fr-FR\",\"@id\":\"https:\/\/www.horasan.dental\/fr\/#\/schema\/logo\/image\/\",\"url\":\"https:\/\/www.horasan.dental\/wp-content\/uploads\/2024\/02\/cropped-Logo-transparent.png\",\"contentUrl\":\"https:\/\/www.horasan.dental\/wp-content\/uploads\/2024\/02\/cropped-Logo-transparent.png\",\"width\":851,\"height\":284,\"caption\":\"Horasan Dental\"},\"image\":{\"@id\":\"https:\/\/www.horasan.dental\/fr\/#\/schema\/logo\/image\/\"}}]}<\/script>\n<!-- \/ Yoast SEO plugin. -->","yoast_head_json":{"title":"Contactez nous","description":"Contactez la clinique dentaire Horasan, Istanbul, Turquie. Envoyez-nous vos radiographies pour une consultation gratuite, ainsi que des informations sur les tarifs pratiqu\u00e9s par notre \u00e9quipe.","robots":{"index":"index","follow":"follow","max-snippet":"max-snippet:-1","max-image-preview":"max-image-preview:large","max-video-preview":"max-video-preview:-1"},"canonical":"https:\/\/www.horasan.dental\/fr\/contactez-nous\/","og_locale":"fr_FR","og_type":"article","og_title":"Contactez nous","og_description":"Contactez la clinique dentaire Horasan, Istanbul, Turquie. Envoyez-nous vos radiographies pour une consultation gratuite, ainsi que des informations sur les tarifs pratiqu\u00e9s par notre \u00e9quipe.","og_url":"https:\/\/www.horasan.dental\/fr\/contactez-nous\/","og_site_name":"Horasan Dental","article_modified_time":"2025-01-31T13:19:00+00:00","og_image":[{"width":1221,"height":1474,"url":"https:\/\/www.horasan.dental\/wp-content\/uploads\/2025\/01\/TEMP-01.jpg","type":"image\/jpeg"}],"twitter_card":"summary_large_image","schema":{"@context":"https:\/\/schema.org","@graph":[{"@type":"WebPage","@id":"https:\/\/www.horasan.dental\/fr\/contactez-nous\/","url":"https:\/\/www.horasan.dental\/fr\/contactez-nous\/","name":"Contactez nous","isPartOf":{"@id":"https:\/\/www.horasan.dental\/fr\/#website"},"primaryImageOfPage":{"@id":"https:\/\/www.horasan.dental\/fr\/contactez-nous\/#primaryimage"},"image":{"@id":"https:\/\/www.horasan.dental\/fr\/contactez-nous\/#primaryimage"},"thumbnailUrl":"https:\/\/www.horasan.dental\/wp-content\/uploads\/2025\/01\/TEMP-01.jpg","datePublished":"2024-02-16T14:23:47+00:00","dateModified":"2025-01-31T13:19:00+00:00","description":"Contactez la clinique dentaire Horasan, Istanbul, Turquie. Envoyez-nous vos radiographies pour une consultation gratuite, ainsi que des informations sur les tarifs pratiqu\u00e9s par notre \u00e9quipe.","breadcrumb":{"@id":"https:\/\/www.horasan.dental\/fr\/contactez-nous\/#breadcrumb"},"inLanguage":"fr-FR","potentialAction":[{"@type":"ReadAction","target":["https:\/\/www.horasan.dental\/fr\/contactez-nous\/"]}]},{"@type":"ImageObject","inLanguage":"fr-FR","@id":"https:\/\/www.horasan.dental\/fr\/contactez-nous\/#primaryimage","url":"https:\/\/www.horasan.dental\/wp-content\/uploads\/2025\/01\/TEMP-01.jpg","contentUrl":"https:\/\/www.horasan.dental\/wp-content\/uploads\/2025\/01\/TEMP-01.jpg","width":1221,"height":1474},{"@type":"BreadcrumbList","@id":"https:\/\/www.horasan.dental\/fr\/contactez-nous\/#breadcrumb","itemListElement":[{"@type":"ListItem","position":1,"name":"Home","item":"https:\/\/www.horasan.dental\/fr\/"},{"@type":"ListItem","position":2,"name":"Contactez nous"}]},{"@type":"WebSite","@id":"https:\/\/www.horasan.dental\/fr\/#website","url":"https:\/\/www.horasan.dental\/fr\/","name":"Horasan Dental","description":"Experience Meets Expertise","publisher":{"@id":"https:\/\/www.horasan.dental\/fr\/#organization"},"potentialAction":[{"@type":"SearchAction","target":{"@type":"EntryPoint","urlTemplate":"https:\/\/www.horasan.dental\/fr\/?s={search_term_string}"},"query-input":{"@type":"PropertyValueSpecification","valueRequired":true,"valueName":"search_term_string"}}],"inLanguage":"fr-FR"},{"@type":"Organization","@id":"https:\/\/www.horasan.dental\/fr\/#organization","name":"Horasan Dental","url":"https:\/\/www.horasan.dental\/fr\/","logo":{"@type":"ImageObject","inLanguage":"fr-FR","@id":"https:\/\/www.horasan.dental\/fr\/#\/schema\/logo\/image\/","url":"https:\/\/www.horasan.dental\/wp-content\/uploads\/2024\/02\/cropped-Logo-transparent.png","contentUrl":"https:\/\/www.horasan.dental\/wp-content\/uploads\/2024\/02\/cropped-Logo-transparent.png","width":851,"height":284,"caption":"Horasan Dental"},"image":{"@id":"https:\/\/www.horasan.dental\/fr\/#\/schema\/logo\/image\/"}}]}},"uagb_featured_image_src":{"full":["https:\/\/www.horasan.dental\/wp-content\/uploads\/2025\/01\/TEMP-01.jpg",1221,1474,false],"thumbnail":["https:\/\/www.horasan.dental\/wp-content\/uploads\/2025\/01\/TEMP-01-150x150.jpg",150,150,true],"medium":["https:\/\/www.horasan.dental\/wp-content\/uploads\/2025\/01\/TEMP-01-249x300.jpg",249,300,true],"medium_large":["https:\/\/www.horasan.dental\/wp-content\/uploads\/2025\/01\/TEMP-01-768x927.jpg",768,927,true],"large":["https:\/\/www.horasan.dental\/wp-content\/uploads\/2025\/01\/TEMP-01-848x1024.jpg",848,1024,true],"1536x1536":["https:\/\/www.horasan.dental\/wp-content\/uploads\/2025\/01\/TEMP-01.jpg",1221,1474,false],"2048x2048":["https:\/\/www.horasan.dental\/wp-content\/uploads\/2025\/01\/TEMP-01.jpg",1221,1474,false]},"uagb_author_info":{"display_name":"Lana Chmilenko","author_link":"https:\/\/www.horasan.dental\/fr\/author\/lana\/"},"uagb_comment_info":0,"uagb_excerpt":"Contactez-nous &#8211; Horasan Dental Clinic Une expertise dentaire fiable : Votre partenaire de confiance pour le sourire Envoyez-nous votre radiographie pour une consultation gratuite, ainsi que des informations sur les tarifs pratiqu\u00e9s par notre \u00e9quipe.","_links":{"self":[{"href":"https:\/\/www.horasan.dental\/fr\/wp-json\/wp\/v2\/pages\/8230"}],"collection":[{"href":"https:\/\/www.horasan.dental\/fr\/wp-json\/wp\/v2\/pages"}],"about":[{"href":"https:\/\/www.horasan.dental\/fr\/wp-json\/wp\/v2\/types\/page"}],"author":[{"embeddable":true,"href":"https:\/\/www.horasan.dental\/fr\/wp-json\/wp\/v2\/users\/2"}],"replies":[{"embeddable":true,"href":"https:\/\/www.horasan.dental\/fr\/wp-json\/wp\/v2\/comments?post=8230"}],"version-history":[{"count":2,"href":"https:\/\/www.horasan.dental\/fr\/wp-json\/wp\/v2\/pages\/8230\/revisions"}],"predecessor-version":[{"id":8232,"href":"https:\/\/www.horasan.dental\/fr\/wp-json\/wp\/v2\/pages\/8230\/revisions\/8232"}],"wp:featuredmedia":[{"embeddable":true,"href":"https:\/\/www.horasan.dental\/fr\/wp-json\/wp\/v2\/media\/8676"}],"wp:attachment":[{"href":"https:\/\/www.horasan.dental\/fr\/wp-json\/wp\/v2\/media?parent=8230"}],"curies":[{"name":"wp","href":"https:\/\/api.w.org\/{rel}","templated":true}]}}