{"id":8155,"date":"2024-03-28T14:22:35","date_gmt":"2024-03-28T14:22:35","guid":{"rendered":"https:\/\/www.horasan.dental\/rencontrez-lequipe\/"},"modified":"2025-01-31T13:21:33","modified_gmt":"2025-01-31T13:21:33","slug":"rencontrez-lequipe","status":"publish","type":"page","link":"https:\/\/www.horasan.dental\/fr\/rencontrez-lequipe\/","title":{"rendered":"Rencontrez l&rsquo;\u00e9quipe"},"content":{"rendered":"\n<div class=\"wp-block-uagb-container uagb-block-b3fd5149 alignfull uagb-is-root-container\"><div class=\"uagb-container-inner-blocks-wrap\">\n<section class=\"wp-block-uagb-columns uagb-columns__wrap uagb-columns__background-none uagb-columns__stack-mobile uagb-columns__valign-bottom uagb-columns__gap-10 align uagb-block-35810341 uagb-columns__columns-2 uagb-columns__max_width-theme\"><div class=\"uagb-columns__overlay\"><\/div><div class=\"uagb-columns__inner-wrap uagb-columns__columns-2\">\n<div class=\"wp-block-uagb-column uagb-column__wrap uagb-column__background-color uagb-block-2fecb3c7\"><div class=\"uagb-column__overlay\"><\/div>\n<p><\/p>\n\n\n\n<p class=\"has-text-align-center has-ast-global-color-5-color has-text-color has-link-color wp-elements-0e3ab098c67db248ccee0b1efeebcbb4\" style=\"padding-top:0px;padding-bottom:0px\">Notre \u00e9quipe dentaire &#8211; Istanbul, Turquie<\/p>\n\n\n\n<h2 class=\"wp-block-heading has-text-align-center has-ast-global-color-5-color has-text-color has-link-color wp-elements-aad4131fc89f969c98f79241e7f6dbdd\" style=\"line-height:1.1\">Rencontrez l&rsquo;\u00e9quipe<\/h2>\n\n\n\n<div class=\"wp-block-uagb-buttons uagb-buttons__outer-wrap uagb-btn__default-btn uagb-btn-tablet__default-btn uagb-btn-mobile__default-btn uagb-block-3fbd67c6\"><div class=\"uagb-buttons__wrap uagb-buttons-layout-wrap \">\n<div class=\"wp-block-uagb-buttons-child uagb-buttons__outer-wrap uagb-block-226697a7 wp-block-button\"><div class=\"uagb-button__wrapper\"><a class=\"uagb-buttons-repeater wp-block-button__link\" aria-label=\"\" href=\"https:\/\/www.horasan.dental\/fr\/contactez-nous\/\" rel=\"follow noopener\" target=\"_self\"><div class=\"uagb-button__link\">Planifiez d\u00e8s aujourd&rsquo;hui<\/div><\/a><\/div><\/div>\n<\/div><\/div>\n<\/div>\n\n\n\n<div class=\"wp-block-uagb-column uagb-column__wrap uagb-column__background-undefined uagb-block-54871d09\"><div class=\"uagb-column__overlay\"><\/div><\/div>\n<\/div><\/section>\n<\/div><\/div>\n\n<p class=\"uag-hide-mob\"><\/p>\n\n<div class=\"wp-block-uagb-container uagb-block-e2c4d669 alignfull uagb-is-root-container\"><div class=\"uagb-container-inner-blocks-wrap\">\n<h2 class=\"wp-block-heading has-text-align-center\">Rencontrez notre \u00e9quipe<\/h2>\n\n\n\n<p>Nos dentistes ont h\u00e9rit\u00e9 non seulement d&rsquo;une passion pour la dentisterie, mais aussi d&rsquo;une mine de connaissances et d&rsquo;exp\u00e9riences transmises de g\u00e9n\u00e9ration en g\u00e9n\u00e9ration. Cette connaissance approfondie des soins dentaires nous permet de vous proposer les traitements les plus efficaces et les plus modernes qui soient. <\/p>\n\n\n\n<p>Des professionnels dentaires d\u00e9vou\u00e9s et attentionn\u00e9s. Une attention dentaire personnalis\u00e9e, des soins de confiance, une atmosph\u00e8re chaleureuse. Sentez la diff\u00e9rence que des g\u00e9n\u00e9rations d&rsquo;exp\u00e9rience peuvent faire.    <\/p>\n<\/div><\/div>\n\n<div class=\"wp-block-uagb-container uagb-block-irllthxf alignfull uagb-is-root-container\"><div class=\"uagb-container-inner-blocks-wrap\">\n<div class=\"wp-block-uagb-container uagb-block-emvveenp\">\n<div class=\"wp-block-uagb-container uagb-block-uvx5k1xm\">\n<div class=\"wp-block-uagb-image aligncenter uagb-block-net5k3xr wp-block-uagb-image--layout-default wp-block-uagb-image--effect-static wp-block-uagb-image--align-center alignleft\"><figure class=\"wp-block-uagb-image__figure\"><img decoding=\"async\" srcset=\"https:\/\/www.horasan.dental\/wp-content\/uploads\/2024\/03\/TeamDrAdnan.jpg ,https:\/\/www.horasan.dental\/wp-content\/uploads\/2024\/03\/TeamDrAdnan.jpg 780w, https:\/\/www.horasan.dental\/wp-content\/uploads\/2024\/03\/TeamDrAdnan.jpg 360w\" sizes=\"(max-width: 480px) 150px\" src=\"https:\/\/www.horasan.dental\/wp-content\/uploads\/2024\/03\/TeamDrAdnan.jpg\" alt=\"Dr Adnan Horasan\" class=\"uag-image-6371\" width=\"575\" height=\"384\" title=\"\u00c9quipeDrAdnan\" loading=\"lazy\" role=\"img\"><\/figure><\/div>\n\n\n\n<div class=\"wp-block-uagb-container uagb-block-ylwvdl4b\">\n<div class=\"wp-block-uagb-info-box uagb-block-wo0ackyx uagb-infobox__content-wrap  uagb-infobox-icon-above-title uagb-infobox-image-valign-top\"><div class=\"uagb-ifb-content\"><div class=\"uagb-ifb-title-wrap\"><h5 class=\"uagb-ifb-title\">Dr Adnan Horasan<\/h5><\/div><p class=\"uagb-ifb-desc\">Dentiste<\/p><\/div><\/div>\n\n\n\n<p>Dt. Adnan Horasan est un dentiste chevronn\u00e9 dont la carri\u00e8re s&rsquo;\u00e9tend sur plus de 45 ans.   <\/p>\n\n\n\n<p>N\u00e9 \u00e0 Istanbul en 1951, il a commenc\u00e9 ses \u00e9tudes \u00e0 l&rsquo;\u00e9cole primaire \u00dc\u00e7\u00fcnc\u00fc Selim, puis au lyc\u00e9e Eseni\u015f.<\/p>\n\n\n\n<p>Passionn\u00e9 par l&rsquo;odontologie, il a poursuivi ses \u00e9tudes \u00e0 la facult\u00e9 d&rsquo;odontologie de l&rsquo;universit\u00e9 de Marmara, o\u00f9 il a obtenu son dipl\u00f4me en 1975.  <\/p>\n\n\n\n<p><br\/>Apr\u00e8s son service militaire, le Dt. Horasan s&rsquo;est associ\u00e9 \u00e0 son p\u00e8re, Mustafa Vildan Horasan, \u00e9galement dentiste, pour ouvrir leur cabinet \u00e0 Moda en 1977.   <\/p>\n\n\n\n<p>Cet h\u00e9ritage familial remarquable dans le domaine de la dentisterie alimente son d\u00e9vouement \u00e0 la profession. Fort de son exp\u00e9rience et de son expertise, le Dr Horasan continue \u00e0 fournir des soins exceptionnels \u00e0 la clinique dentaire Horasan, en collaboration avec une \u00e9quipe de professionnels qualifi\u00e9s. <\/p>\n<\/div>\n<\/div>\n\n\n\n<div class=\"wp-block-uagb-container uagb-block-h3re8jkn\">\n<div class=\"wp-block-uagb-image aligncenter uagb-block-3erhimxa wp-block-uagb-image--layout-default wp-block-uagb-image--effect-static wp-block-uagb-image--align-center alignleft\"><figure class=\"wp-block-uagb-image__figure\"><img decoding=\"async\" srcset=\"https:\/\/www.horasan.dental\/wp-content\/uploads\/2024\/03\/DrBerilTeam.jpg ,https:\/\/www.horasan.dental\/wp-content\/uploads\/2024\/03\/DrBerilTeam.jpg 780w, https:\/\/www.horasan.dental\/wp-content\/uploads\/2024\/03\/DrBerilTeam.jpg 360w\" sizes=\"(max-width: 480px) 150px\" src=\"https:\/\/www.horasan.dental\/wp-content\/uploads\/2024\/03\/DrBerilTeam.jpg\" alt=\"\" class=\"uag-image-6377\" width=\"575\" height=\"384\" title=\"\u00c9quipe DrBeril\" loading=\"lazy\" role=\"img\"><\/figure><\/div>\n\n\n\n<div class=\"wp-block-uagb-container uagb-block-ylfukzsx\">\n<div class=\"wp-block-uagb-info-box uagb-block-dnl2ywtr uagb-infobox__content-wrap  uagb-infobox-icon-above-title uagb-infobox-image-valign-top\"><div class=\"uagb-ifb-content\"><div class=\"uagb-ifb-title-wrap\"><h5 class=\"uagb-ifb-title\">Dr Beril Horasan<\/h5><\/div><p class=\"uagb-ifb-desc\">Dentiste<\/p><\/div><\/div>\n\n\n\n<div class=\"wp-block-uagb-info-box uagb-block-gemcvakb uagb-infobox__content-wrap  uagb-infobox-icon-above-title uagb-infobox-image-valign-top\"><div class=\"uagb-ifb-content\"><div class=\"uagb-ifb-title-wrap\"><\/div><p class=\"uagb-ifb-desc\">Dt. Beril Horasan est un dentiste dont l&rsquo;h\u00e9ritage familial dans le domaine de la dentisterie s&rsquo;\u00e9tend sur quatre g\u00e9n\u00e9rations.   <br\/><br\/>N\u00e9e en 1979 \u00e0 Istanbul, elle a commenc\u00e9 son parcours scolaire \u00e0 l&rsquo;\u00e9cole primaire Bahariye, puis au lyc\u00e9e \u00dcsk\u00fcdar Anatolian.  <br\/><br\/>En 1997, Dt. Horasan a entam\u00e9 des \u00e9tudes dentaires \u00e0 la facult\u00e9 de m\u00e9decine dentaire de l&rsquo;universit\u00e9 de Yeditepe, dont elle est sortie dipl\u00f4m\u00e9e en 2003. Imm\u00e9diatement apr\u00e8s l&rsquo;obtention de son dipl\u00f4me, elle a rejoint la clinique dentaire Horasan, o\u00f9 elle a acquis une exp\u00e9rience pr\u00e9cieuse en dentisterie g\u00e9n\u00e9rale.    <br\/>Le Dt. L&rsquo;engagement de Mme Horasan en faveur du d\u00e9veloppement professionnel l&rsquo;a amen\u00e9e \u00e0 obtenir un certificat en orthodontie en 2019, \u00e9largissant ainsi ses options de traitement.   <br\/>En outre, elle poss\u00e8de une expertise dans les applications de Botox et de comblement dermique.  <br\/><br\/>Son attitude douce et ses comp\u00e9tences exceptionnelles en mati\u00e8re de communication lui ont valu la r\u00e9putation d&rsquo;\u00eatre la pr\u00e9f\u00e9r\u00e9e des jeunes patients.<\/p><\/div><\/div>\n<\/div>\n<\/div>\n<\/div>\n<\/div><\/div>\n\n<div class=\"wp-block-uagb-container uagb-block-5f99aef5 alignfull uagb-is-root-container\"><div class=\"uagb-container-inner-blocks-wrap\">\n<div class=\"wp-block-uagb-container uagb-block-ab828969\">\n<section class=\"wp-block-uagb-columns uagb-columns__wrap uagb-columns__background-none uagb-columns__stack-mobile uagb-columns__valign- uagb-columns__gap-10 align uagb-block-8914ace8 uagb-columns__columns-3 uagb-columns__max_width-theme\"><div class=\"uagb-columns__overlay\"><\/div><div class=\"uagb-columns__inner-wrap uagb-columns__columns-3\">\n<div class=\"wp-block-uagb-column uagb-column__wrap uagb-column__background-undefined uagb-block-49a30691\"><div class=\"uagb-column__overlay\"><\/div><\/div>\n\n\n\n<div class=\"wp-block-uagb-column uagb-column__wrap uagb-column__background-undefined uagb-block-46f6462c\"><div class=\"uagb-column__overlay\"><\/div>\n<div class=\"wp-block-uagb-separator uagb-block-07f1b33e is-style-wide\"><div class=\"wp-block-uagb-separator__inner\" style=\"--my-background-image:\"><\/div><\/div>\n\n\n\n<p><\/p>\n\n\n\n<h3 class=\"wp-block-heading has-text-align-center has-ast-global-color-5-color has-text-color has-link-color wp-elements-52c04534c98809d4899c9fbe7c5d8e13\">Des soins de confiance, transmis de g\u00e9n\u00e9ration en g\u00e9n\u00e9ration.<\/h3>\n\n\n\n<div class=\"wp-block-uagb-separator uagb-block-bf7897bd is-style-wide\"><div class=\"wp-block-uagb-separator__inner\" style=\"--my-background-image:\"><\/div><\/div>\n\n\n\n<p><\/p>\n\n\n\n<p class=\"has-text-align-center has-ast-global-color-5-color has-text-color has-link-color wp-elements-15fe5853c262eb06b98c1a0b72cae644\">Clinique dentaire Horasan, Istanbul, Turquie<\/p>\n\n\n\n<div class=\"wp-block-uagb-buttons uagb-buttons__outer-wrap uagb-btn__default-btn uagb-btn-tablet__default-btn uagb-btn-mobile__default-btn uagb-block-deefb0e0\"><div class=\"uagb-buttons__wrap uagb-buttons-layout-wrap \">\n<div class=\"wp-block-uagb-buttons-child uagb-buttons__outer-wrap uagb-block-3916e57a wp-block-button\"><div class=\"uagb-button__wrapper\"><a class=\"uagb-buttons-repeater wp-block-button__link\" aria-label=\"\" href=\"https:\/\/www.horasan.dental\/fr\/contactez-nous\/\" rel=\"follow noopener\" target=\"_self\"><div class=\"uagb-button__link\">Rencontrez-nous aujourd&rsquo;hui<\/div><\/a><\/div><\/div>\n<\/div><\/div>\n<\/div>\n\n\n\n<div class=\"wp-block-uagb-column uagb-column__wrap uagb-column__background-undefined uagb-block-b541c395\"><div class=\"uagb-column__overlay\"><\/div><\/div>\n<\/div><\/section>\n<\/div>\n<\/div><\/div>\n","protected":false},"excerpt":{"rendered":"<p>Notre \u00e9quipe dentaire &#8211; Istanbul, Turquie Rencontrez l&rsquo;\u00e9quipe Rencontrez notre \u00e9quipe Nos dentistes ont h\u00e9rit\u00e9 non seulement d&rsquo;une passion pour la dentisterie, mais aussi d&rsquo;une mine de connaissances et d&rsquo;exp\u00e9riences transmises de g\u00e9n\u00e9ration en g\u00e9n\u00e9ration. Cette connaissance approfondie des soins dentaires nous permet de vous proposer les traitements les plus efficaces et les plus modernes [&hellip;]<\/p>\n","protected":false},"author":2,"featured_media":7165,"parent":0,"menu_order":0,"comment_status":"closed","ping_status":"closed","template":"","meta":{"_uag_custom_page_level_css":"","site-sidebar-layout":"default","site-content-layout":"","ast-site-content-layout":"default","site-content-style":"default","site-sidebar-style":"default","ast-global-header-display":"","ast-banner-title-visibility":"","ast-main-header-display":"","ast-hfb-above-header-display":"","ast-hfb-below-header-display":"","ast-hfb-mobile-header-display":"","site-post-title":"disabled","ast-breadcrumbs-content":"","ast-featured-img":"disabled","footer-sml-layout":"","ast-disable-related-posts":"","theme-transparent-header-meta":"","adv-header-id-meta":"","stick-header-meta":"","header-above-stick-meta":"","header-main-stick-meta":"","header-below-stick-meta":"","astra-migrate-meta-layouts":"default","ast-page-background-enabled":"default","ast-page-background-meta":{"desktop":{"background-color":"","background-image":"","background-repeat":"repeat","background-position":"center center","background-size":"auto","background-attachment":"scroll","background-type":"","background-media":"","overlay-type":"","overlay-color":"","overlay-opacity":"","overlay-gradient":""},"tablet":{"background-color":"","background-image":"","background-repeat":"repeat","background-position":"center center","background-size":"auto","background-attachment":"scroll","background-type":"","background-media":"","overlay-type":"","overlay-color":"","overlay-opacity":"","overlay-gradient":""},"mobile":{"background-color":"","background-image":"","background-repeat":"repeat","background-position":"center center","background-size":"auto","background-attachment":"scroll","background-type":"","background-media":"","overlay-type":"","overlay-color":"","overlay-opacity":"","overlay-gradient":""}},"ast-content-background-meta":{"desktop":{"background-color":"var(--ast-global-color-5)","background-image":"","background-repeat":"repeat","background-position":"center center","background-size":"auto","background-attachment":"scroll","background-type":"","background-media":"","overlay-type":"","overlay-color":"","overlay-opacity":"","overlay-gradient":""},"tablet":{"background-color":"var(--ast-global-color-5)","background-image":"","background-repeat":"repeat","background-position":"center center","background-size":"auto","background-attachment":"scroll","background-type":"","background-media":"","overlay-type":"","overlay-color":"","overlay-opacity":"","overlay-gradient":""},"mobile":{"background-color":"var(--ast-global-color-5)","background-image":"","background-repeat":"repeat","background-position":"center center","background-size":"auto","background-attachment":"scroll","background-type":"","background-media":"","overlay-type":"","overlay-color":"","overlay-opacity":"","overlay-gradient":""}},"footnotes":""},"yoast_head":"<!-- This site is optimized with the Yoast SEO plugin v24.5 - https:\/\/yoast.com\/wordpress\/plugins\/seo\/ -->\n<title>Rencontrez l&#039;\u00e9quipeClinique dentaire Horasan<\/title>\n<meta name=\"description\" content=\"Une \u00e9quipe dentaire d\u00e9vou\u00e9e et attentionn\u00e9e. Une attention dentaire personnalis\u00e9e, une atmosph\u00e8re chaleureuse. Sentez la diff\u00e9rence que des g\u00e9n\u00e9rations d&#039;exp\u00e9rience peuvent faire.\" \/>\n<meta name=\"robots\" content=\"index, follow, max-snippet:-1, max-image-preview:large, max-video-preview:-1\" \/>\n<link rel=\"canonical\" href=\"https:\/\/www.horasan.dental\/fr\/rencontrez-lequipe\/\" \/>\n<meta property=\"og:locale\" content=\"fr_FR\" \/>\n<meta property=\"og:type\" content=\"article\" \/>\n<meta property=\"og:title\" content=\"Rencontrez l&#039;\u00e9quipeClinique dentaire Horasan\" \/>\n<meta property=\"og:description\" content=\"Une \u00e9quipe dentaire d\u00e9vou\u00e9e et attentionn\u00e9e. Une attention dentaire personnalis\u00e9e, une atmosph\u00e8re chaleureuse. Sentez la diff\u00e9rence que des g\u00e9n\u00e9rations d&#039;exp\u00e9rience peuvent faire.\" \/>\n<meta property=\"og:url\" content=\"https:\/\/www.horasan.dental\/fr\/rencontrez-lequipe\/\" \/>\n<meta property=\"og:site_name\" content=\"Horasan Dental\" \/>\n<meta property=\"article:modified_time\" content=\"2025-01-31T13:21:33+00:00\" \/>\n<meta property=\"og:image\" content=\"https:\/\/www.horasan.dental\/wp-content\/uploads\/2024\/04\/Team-header-small.jpg\" \/>\n\t<meta property=\"og:image:width\" content=\"752\" \/>\n\t<meta property=\"og:image:height\" content=\"550\" \/>\n\t<meta property=\"og:image:type\" content=\"image\/jpeg\" \/>\n<meta name=\"twitter:card\" content=\"summary_large_image\" \/>\n<meta name=\"twitter:label1\" content=\"Dur\u00e9e de lecture estim\u00e9e\" \/>\n\t<meta name=\"twitter:data1\" content=\"2 minutes\" \/>\n<script type=\"application\/ld+json\" class=\"yoast-schema-graph\">{\"@context\":\"https:\/\/schema.org\",\"@graph\":[{\"@type\":\"WebPage\",\"@id\":\"https:\/\/www.horasan.dental\/fr\/rencontrez-lequipe\/\",\"url\":\"https:\/\/www.horasan.dental\/fr\/rencontrez-lequipe\/\",\"name\":\"Rencontrez l'\u00e9quipeClinique dentaire Horasan\",\"isPartOf\":{\"@id\":\"https:\/\/www.horasan.dental\/fr\/#website\"},\"primaryImageOfPage\":{\"@id\":\"https:\/\/www.horasan.dental\/fr\/rencontrez-lequipe\/#primaryimage\"},\"image\":{\"@id\":\"https:\/\/www.horasan.dental\/fr\/rencontrez-lequipe\/#primaryimage\"},\"thumbnailUrl\":\"https:\/\/www.horasan.dental\/wp-content\/uploads\/2024\/04\/Team-header-small.jpg\",\"datePublished\":\"2024-03-28T14:22:35+00:00\",\"dateModified\":\"2025-01-31T13:21:33+00:00\",\"description\":\"Une \u00e9quipe dentaire d\u00e9vou\u00e9e et attentionn\u00e9e. Une attention dentaire personnalis\u00e9e, une atmosph\u00e8re chaleureuse. Sentez la diff\u00e9rence que des g\u00e9n\u00e9rations d'exp\u00e9rience peuvent faire.\",\"breadcrumb\":{\"@id\":\"https:\/\/www.horasan.dental\/fr\/rencontrez-lequipe\/#breadcrumb\"},\"inLanguage\":\"fr-FR\",\"potentialAction\":[{\"@type\":\"ReadAction\",\"target\":[\"https:\/\/www.horasan.dental\/fr\/rencontrez-lequipe\/\"]}]},{\"@type\":\"ImageObject\",\"inLanguage\":\"fr-FR\",\"@id\":\"https:\/\/www.horasan.dental\/fr\/rencontrez-lequipe\/#primaryimage\",\"url\":\"https:\/\/www.horasan.dental\/wp-content\/uploads\/2024\/04\/Team-header-small.jpg\",\"contentUrl\":\"https:\/\/www.horasan.dental\/wp-content\/uploads\/2024\/04\/Team-header-small.jpg\",\"width\":752,\"height\":550},{\"@type\":\"BreadcrumbList\",\"@id\":\"https:\/\/www.horasan.dental\/fr\/rencontrez-lequipe\/#breadcrumb\",\"itemListElement\":[{\"@type\":\"ListItem\",\"position\":1,\"name\":\"Home\",\"item\":\"https:\/\/www.horasan.dental\/fr\/\"},{\"@type\":\"ListItem\",\"position\":2,\"name\":\"Rencontrez l&#8217;\u00e9quipe\"}]},{\"@type\":\"WebSite\",\"@id\":\"https:\/\/www.horasan.dental\/fr\/#website\",\"url\":\"https:\/\/www.horasan.dental\/fr\/\",\"name\":\"Horasan Dental\",\"description\":\"Experience Meets Expertise\",\"publisher\":{\"@id\":\"https:\/\/www.horasan.dental\/fr\/#organization\"},\"potentialAction\":[{\"@type\":\"SearchAction\",\"target\":{\"@type\":\"EntryPoint\",\"urlTemplate\":\"https:\/\/www.horasan.dental\/fr\/?s={search_term_string}\"},\"query-input\":{\"@type\":\"PropertyValueSpecification\",\"valueRequired\":true,\"valueName\":\"search_term_string\"}}],\"inLanguage\":\"fr-FR\"},{\"@type\":\"Organization\",\"@id\":\"https:\/\/www.horasan.dental\/fr\/#organization\",\"name\":\"Horasan Dental\",\"url\":\"https:\/\/www.horasan.dental\/fr\/\",\"logo\":{\"@type\":\"ImageObject\",\"inLanguage\":\"fr-FR\",\"@id\":\"https:\/\/www.horasan.dental\/fr\/#\/schema\/logo\/image\/\",\"url\":\"https:\/\/www.horasan.dental\/wp-content\/uploads\/2024\/02\/cropped-Logo-transparent.png\",\"contentUrl\":\"https:\/\/www.horasan.dental\/wp-content\/uploads\/2024\/02\/cropped-Logo-transparent.png\",\"width\":851,\"height\":284,\"caption\":\"Horasan Dental\"},\"image\":{\"@id\":\"https:\/\/www.horasan.dental\/fr\/#\/schema\/logo\/image\/\"}}]}<\/script>\n<!-- \/ Yoast SEO plugin. -->","yoast_head_json":{"title":"Rencontrez l'\u00e9quipeClinique dentaire Horasan","description":"Une \u00e9quipe dentaire d\u00e9vou\u00e9e et attentionn\u00e9e. Une attention dentaire personnalis\u00e9e, une atmosph\u00e8re chaleureuse. Sentez la diff\u00e9rence que des g\u00e9n\u00e9rations d'exp\u00e9rience peuvent faire.","robots":{"index":"index","follow":"follow","max-snippet":"max-snippet:-1","max-image-preview":"max-image-preview:large","max-video-preview":"max-video-preview:-1"},"canonical":"https:\/\/www.horasan.dental\/fr\/rencontrez-lequipe\/","og_locale":"fr_FR","og_type":"article","og_title":"Rencontrez l'\u00e9quipeClinique dentaire Horasan","og_description":"Une \u00e9quipe dentaire d\u00e9vou\u00e9e et attentionn\u00e9e. Une attention dentaire personnalis\u00e9e, une atmosph\u00e8re chaleureuse. Sentez la diff\u00e9rence que des g\u00e9n\u00e9rations d'exp\u00e9rience peuvent faire.","og_url":"https:\/\/www.horasan.dental\/fr\/rencontrez-lequipe\/","og_site_name":"Horasan Dental","article_modified_time":"2025-01-31T13:21:33+00:00","og_image":[{"width":752,"height":550,"url":"https:\/\/www.horasan.dental\/wp-content\/uploads\/2024\/04\/Team-header-small.jpg","type":"image\/jpeg"}],"twitter_card":"summary_large_image","twitter_misc":{"Dur\u00e9e de lecture estim\u00e9e":"2 minutes"},"schema":{"@context":"https:\/\/schema.org","@graph":[{"@type":"WebPage","@id":"https:\/\/www.horasan.dental\/fr\/rencontrez-lequipe\/","url":"https:\/\/www.horasan.dental\/fr\/rencontrez-lequipe\/","name":"Rencontrez l'\u00e9quipeClinique dentaire Horasan","isPartOf":{"@id":"https:\/\/www.horasan.dental\/fr\/#website"},"primaryImageOfPage":{"@id":"https:\/\/www.horasan.dental\/fr\/rencontrez-lequipe\/#primaryimage"},"image":{"@id":"https:\/\/www.horasan.dental\/fr\/rencontrez-lequipe\/#primaryimage"},"thumbnailUrl":"https:\/\/www.horasan.dental\/wp-content\/uploads\/2024\/04\/Team-header-small.jpg","datePublished":"2024-03-28T14:22:35+00:00","dateModified":"2025-01-31T13:21:33+00:00","description":"Une \u00e9quipe dentaire d\u00e9vou\u00e9e et attentionn\u00e9e. Une attention dentaire personnalis\u00e9e, une atmosph\u00e8re chaleureuse. Sentez la diff\u00e9rence que des g\u00e9n\u00e9rations d'exp\u00e9rience peuvent faire.","breadcrumb":{"@id":"https:\/\/www.horasan.dental\/fr\/rencontrez-lequipe\/#breadcrumb"},"inLanguage":"fr-FR","potentialAction":[{"@type":"ReadAction","target":["https:\/\/www.horasan.dental\/fr\/rencontrez-lequipe\/"]}]},{"@type":"ImageObject","inLanguage":"fr-FR","@id":"https:\/\/www.horasan.dental\/fr\/rencontrez-lequipe\/#primaryimage","url":"https:\/\/www.horasan.dental\/wp-content\/uploads\/2024\/04\/Team-header-small.jpg","contentUrl":"https:\/\/www.horasan.dental\/wp-content\/uploads\/2024\/04\/Team-header-small.jpg","width":752,"height":550},{"@type":"BreadcrumbList","@id":"https:\/\/www.horasan.dental\/fr\/rencontrez-lequipe\/#breadcrumb","itemListElement":[{"@type":"ListItem","position":1,"name":"Home","item":"https:\/\/www.horasan.dental\/fr\/"},{"@type":"ListItem","position":2,"name":"Rencontrez l&#8217;\u00e9quipe"}]},{"@type":"WebSite","@id":"https:\/\/www.horasan.dental\/fr\/#website","url":"https:\/\/www.horasan.dental\/fr\/","name":"Horasan Dental","description":"Experience Meets Expertise","publisher":{"@id":"https:\/\/www.horasan.dental\/fr\/#organization"},"potentialAction":[{"@type":"SearchAction","target":{"@type":"EntryPoint","urlTemplate":"https:\/\/www.horasan.dental\/fr\/?s={search_term_string}"},"query-input":{"@type":"PropertyValueSpecification","valueRequired":true,"valueName":"search_term_string"}}],"inLanguage":"fr-FR"},{"@type":"Organization","@id":"https:\/\/www.horasan.dental\/fr\/#organization","name":"Horasan Dental","url":"https:\/\/www.horasan.dental\/fr\/","logo":{"@type":"ImageObject","inLanguage":"fr-FR","@id":"https:\/\/www.horasan.dental\/fr\/#\/schema\/logo\/image\/","url":"https:\/\/www.horasan.dental\/wp-content\/uploads\/2024\/02\/cropped-Logo-transparent.png","contentUrl":"https:\/\/www.horasan.dental\/wp-content\/uploads\/2024\/02\/cropped-Logo-transparent.png","width":851,"height":284,"caption":"Horasan Dental"},"image":{"@id":"https:\/\/www.horasan.dental\/fr\/#\/schema\/logo\/image\/"}}]}},"uagb_featured_image_src":{"full":["https:\/\/www.horasan.dental\/wp-content\/uploads\/2024\/04\/Team-header-small.jpg",752,550,false],"thumbnail":["https:\/\/www.horasan.dental\/wp-content\/uploads\/2024\/04\/Team-header-small-150x150.jpg",150,150,true],"medium":["https:\/\/www.horasan.dental\/wp-content\/uploads\/2024\/04\/Team-header-small-300x219.jpg",300,219,true],"medium_large":["https:\/\/www.horasan.dental\/wp-content\/uploads\/2024\/04\/Team-header-small.jpg",752,550,false],"large":["https:\/\/www.horasan.dental\/wp-content\/uploads\/2024\/04\/Team-header-small.jpg",752,550,false],"1536x1536":["https:\/\/www.horasan.dental\/wp-content\/uploads\/2024\/04\/Team-header-small.jpg",752,550,false],"2048x2048":["https:\/\/www.horasan.dental\/wp-content\/uploads\/2024\/04\/Team-header-small.jpg",752,550,false]},"uagb_author_info":{"display_name":"Lana Chmilenko","author_link":"https:\/\/www.horasan.dental\/fr\/author\/lana\/"},"uagb_comment_info":0,"uagb_excerpt":"Notre \u00e9quipe dentaire &#8211; Istanbul, Turquie Rencontrez l&rsquo;\u00e9quipe Rencontrez notre \u00e9quipe Nos dentistes ont h\u00e9rit\u00e9 non seulement d&rsquo;une passion pour la dentisterie, mais aussi d&rsquo;une mine de connaissances et d&rsquo;exp\u00e9riences transmises de g\u00e9n\u00e9ration en g\u00e9n\u00e9ration. Cette connaissance approfondie des soins dentaires nous permet de vous proposer les traitements les plus efficaces et les plus modernes\u2026","_links":{"self":[{"href":"https:\/\/www.horasan.dental\/fr\/wp-json\/wp\/v2\/pages\/8155"}],"collection":[{"href":"https:\/\/www.horasan.dental\/fr\/wp-json\/wp\/v2\/pages"}],"about":[{"href":"https:\/\/www.horasan.dental\/fr\/wp-json\/wp\/v2\/types\/page"}],"author":[{"embeddable":true,"href":"https:\/\/www.horasan.dental\/fr\/wp-json\/wp\/v2\/users\/2"}],"replies":[{"embeddable":true,"href":"https:\/\/www.horasan.dental\/fr\/wp-json\/wp\/v2\/comments?post=8155"}],"version-history":[{"count":3,"href":"https:\/\/www.horasan.dental\/fr\/wp-json\/wp\/v2\/pages\/8155\/revisions"}],"predecessor-version":[{"id":8691,"href":"https:\/\/www.horasan.dental\/fr\/wp-json\/wp\/v2\/pages\/8155\/revisions\/8691"}],"wp:featuredmedia":[{"embeddable":true,"href":"https:\/\/www.horasan.dental\/fr\/wp-json\/wp\/v2\/media\/7165"}],"wp:attachment":[{"href":"https:\/\/www.horasan.dental\/fr\/wp-json\/wp\/v2\/media?parent=8155"}],"curies":[{"name":"wp","href":"https:\/\/api.w.org\/{rel}","templated":true}]}}